{"id":2531,"date":"2018-02-13T09:30:25","date_gmt":"2018-02-13T08:30:25","guid":{"rendered":"https:\/\/www.wisco.es\/lusine\/compra-bronce-cobre\/"},"modified":"2018-02-13T17:59:23","modified_gmt":"2018-02-13T16:59:23","slug":"achat-de-bronze-et-cuivre","status":"publish","type":"page","link":"https:\/\/www.wisco.es\/fr\/lusine\/achat-de-bronze-et-cuivre\/","title":{"rendered":"Achat de Bronze et Cuivre"},"content":{"rendered":"<p><div class=\"fusion-fullwidth fullwidth-box fusion-builder-row-1 nonhundred-percent-fullwidth non-hundred-percent-height-scrolling\" style=\"--awb-border-radius-top-left:0px;--awb-border-radius-top-right:0px;--awb-border-radius-bottom-right:0px;--awb-border-radius-bottom-left:0px;--awb-flex-wrap:wrap;\" ><div class=\"fusion-builder-row fusion-row\"><div class=\"fusion-layout-column fusion_builder_column fusion-builder-column-0 fusion_builder_column_3_4 3_4 fusion-three-fourth fusion-column-first\" style=\"--awb-bg-size:cover;width:75%;width:calc(75% - ( ( 4% ) * 0.75 ) );margin-right: 4%;\"><div class=\"fusion-column-wrapper fusion-flex-column-wrapper-legacy\"><div class=\"fusion-text fusion-text-1\"><p><strong>Nous assurons la qualit\u00e9 de tous nos produits<\/strong> en analysant, s\u00e9parant et classant toutes les mati\u00e8res premi\u00e8res qui arrivent dans nos installations: le bronze, le cuivre et d&rsquo;autres \u00e9l\u00e9ments provenant d&rsquo;origines et de processus diff\u00e9rents.<\/p>\n<p>Nos fournisseurs habituels sont les r\u00e9cup\u00e9rateurs de m\u00e9taux. Nous compl\u00e9tons ceci par des mat\u00e9riaux provenant d&rsquo;ateliers d&rsquo;usinage de bronze et d&rsquo;autres sources qui g\u00e9n\u00e8rent des copeaux et des chutes en bronze.<\/p>\n<p>Les qualit\u00e9s utilis\u00e9es dans notre fonderie sont:<\/p>\n<ul class=\"arrow-right\">\n<li>Cuivres (de diff\u00e9rents grades, formes et qualit\u00e9s).<\/li>\n<li>Bronzes (chutes et copeaux).<\/li>\n<\/ul>\n<\/div><div class=\"fusion-clearfix\"><\/div><\/div><\/div><div class=\"fusion-layout-column fusion_builder_column fusion-builder-column-1 fusion_builder_column_1_4 1_4 fusion-one-fourth fusion-column-last info-destacada\" style=\"--awb-bg-size:cover;width:25%;width:calc(25% - ( ( 4% ) * 0.25 ) );\"><div class=\"fusion-column-wrapper fusion-flex-column-wrapper-legacy\"><div class=\"fusion-text fusion-text-2\"><p>Nous offrons un achat r\u00e9gulier, avec des conditions commerciales les plus comp\u00e9titives du march\u00e9.<\/p>\n<\/div><div class=\"fusion-clearfix\"><\/div><\/div><\/div><div class=\"fusion-layout-column fusion_builder_column fusion-builder-column-2 fusion_builder_column_1_3 1_3 fusion-one-third fusion-column-first\" style=\"--awb-bg-size:cover;width:33.3333333333%;width:calc(33.3333333333% - ( ( 4% + 4% ) * 0.333333333333 ) );margin-right: 4%;\"><div class=\"fusion-column-wrapper fusion-flex-column-wrapper-legacy\"><div class=\"fusion-image-element in-legacy-container\" style=\"--awb-caption-title-font-family:var(--h2_typography-font-family);--awb-caption-title-font-weight:var(--h2_typography-font-weight);--awb-caption-title-font-style:var(--h2_typography-font-style);--awb-caption-title-size:var(--h2_typography-font-size);--awb-caption-title-transform:var(--h2_typography-text-transform);--awb-caption-title-line-height:var(--h2_typography-line-height);--awb-caption-title-letter-spacing:var(--h2_typography-letter-spacing);\"><span class=\" fusion-imageframe imageframe-none imageframe-1 hover-type-none\"><img decoding=\"async\" width=\"600\" height=\"338\" title=\"Copper-Scrap-Wisco\" src=\"https:\/\/www.wisco.es\/wp-content\/uploads\/2018\/02\/Copper-Scrap-Wisco.jpg\" alt class=\"img-responsive wp-image-2508\" srcset=\"https:\/\/www.wisco.es\/wp-content\/uploads\/2018\/02\/Copper-Scrap-Wisco-200x113.jpg 200w, https:\/\/www.wisco.es\/wp-content\/uploads\/2018\/02\/Copper-Scrap-Wisco-400x225.jpg 400w, https:\/\/www.wisco.es\/wp-content\/uploads\/2018\/02\/Copper-Scrap-Wisco.jpg 600w\" sizes=\"(max-width: 800px) 100vw, 400px\" \/><\/span><\/div><div class=\"fusion-clearfix\"><\/div><\/div><\/div><div class=\"fusion-layout-column fusion_builder_column fusion-builder-column-3 fusion_builder_column_1_3 1_3 fusion-one-third\" style=\"--awb-bg-size:cover;width:33.3333333333%;width:calc(33.3333333333% - ( ( 4% + 4% ) * 0.333333333333 ) );margin-right: 4%;\"><div class=\"fusion-column-wrapper fusion-flex-column-wrapper-legacy\"><div class=\"fusion-image-element in-legacy-container\" style=\"--awb-caption-title-font-family:var(--h2_typography-font-family);--awb-caption-title-font-weight:var(--h2_typography-font-weight);--awb-caption-title-font-style:var(--h2_typography-font-style);--awb-caption-title-size:var(--h2_typography-font-size);--awb-caption-title-transform:var(--h2_typography-text-transform);--awb-caption-title-line-height:var(--h2_typography-line-height);--awb-caption-title-letter-spacing:var(--h2_typography-letter-spacing);\"><span class=\" fusion-imageframe imageframe-none imageframe-2 hover-type-none\"><img decoding=\"async\" width=\"600\" height=\"338\" title=\"Purchase-Bronze-Scrap\" src=\"https:\/\/www.wisco.es\/wp-content\/uploads\/2018\/02\/Purchase-Bronze-Scrap.jpg\" alt class=\"img-responsive wp-image-2512\" srcset=\"https:\/\/www.wisco.es\/wp-content\/uploads\/2018\/02\/Purchase-Bronze-Scrap-200x113.jpg 200w, https:\/\/www.wisco.es\/wp-content\/uploads\/2018\/02\/Purchase-Bronze-Scrap-400x225.jpg 400w, https:\/\/www.wisco.es\/wp-content\/uploads\/2018\/02\/Purchase-Bronze-Scrap.jpg 600w\" sizes=\"(max-width: 800px) 100vw, 400px\" \/><\/span><\/div><div class=\"fusion-clearfix\"><\/div><\/div><\/div><div class=\"fusion-layout-column fusion_builder_column fusion-builder-column-4 fusion_builder_column_1_3 1_3 fusion-one-third fusion-column-last\" style=\"--awb-bg-size:cover;width:33.3333333333%;width:calc(33.3333333333% - ( ( 4% + 4% ) * 0.333333333333 ) );\"><div class=\"fusion-column-wrapper fusion-flex-column-wrapper-legacy\"><div class=\"fusion-image-element in-legacy-container\" style=\"--awb-caption-title-font-family:var(--h2_typography-font-family);--awb-caption-title-font-weight:var(--h2_typography-font-weight);--awb-caption-title-font-style:var(--h2_typography-font-style);--awb-caption-title-size:var(--h2_typography-font-size);--awb-caption-title-transform:var(--h2_typography-text-transform);--awb-caption-title-line-height:var(--h2_typography-line-height);--awb-caption-title-letter-spacing:var(--h2_typography-letter-spacing);\"><span class=\" fusion-imageframe imageframe-none imageframe-3 hover-type-none\"><img decoding=\"async\" width=\"600\" height=\"338\" title=\"Wisco-Bronze-Clippings\" src=\"https:\/\/www.wisco.es\/wp-content\/uploads\/2018\/02\/Wisco-Bronze-Clippings-1.jpg\" alt class=\"img-responsive wp-image-2520\" srcset=\"https:\/\/www.wisco.es\/wp-content\/uploads\/2018\/02\/Wisco-Bronze-Clippings-1-200x113.jpg 200w, https:\/\/www.wisco.es\/wp-content\/uploads\/2018\/02\/Wisco-Bronze-Clippings-1-400x225.jpg 400w, https:\/\/www.wisco.es\/wp-content\/uploads\/2018\/02\/Wisco-Bronze-Clippings-1.jpg 600w\" sizes=\"(max-width: 800px) 100vw, 400px\" \/><\/span><\/div><div class=\"fusion-clearfix\"><\/div><\/div><\/div><div class=\"fusion-layout-column fusion_builder_column fusion-builder-column-5 fusion_builder_column_3_4 3_4 fusion-three-fourth fusion-column-first\" style=\"--awb-bg-size:cover;width:75%;width:calc(75% - ( ( 4% ) * 0.75 ) );margin-right: 4%;\"><div class=\"fusion-column-wrapper fusion-flex-column-wrapper-legacy\"><div class=\"fusion-sep-clear\"><\/div><div class=\"fusion-separator fusion-full-width-sep\" style=\"margin-left: auto;margin-right: auto;margin-top:15px;margin-bottom:15px;width:100%;\"><\/div><div class=\"fusion-sep-clear\"><\/div><div class=\"fusion-text fusion-text-3\"><p>Les prix des alliages \u00e0 base de cuivre fluctuent en fonction des prix fix\u00e9s par le LME \u00e0 chaque instant. Wisco Espa\u00f1ola, en temps qu&rsquo;une des principales fonderies de bronze d&rsquo;Europe, vous assure <strong>des prix actualis\u00e9s et comp\u00e9titifs sur tous les produits.<\/strong><\/p>\n<p>Nous offrons la possibilit\u00e9 d&rsquo;acheter ex-works avec une collection rapide du mat\u00e9riel dans vos installations.<\/p>\n<p>De m\u00eame, nous avons la capacit\u00e9 logistique d&rsquo;importer de n&rsquo;importe <strong>quel pays dans le monde.<\/strong><\/p>\n<p>Impliqu\u00e9s dans le d\u00e9veloppement durable, nous disposons de l&rsquo;autorisation de la Soci\u00e9t\u00e9 de Gestion des D\u00e9chets non Dangereux, accord\u00e9e par le gouvernement de Navarre en Espagne, et nous sommes partenaires du Bureau of International Recycling.<\/p>\n<\/div><div class=\"fusion-sep-clear\"><\/div><div class=\"fusion-separator fusion-full-width-sep\" style=\"margin-left: auto;margin-right: auto;margin-top:15px;margin-bottom:15px;width:100%;\"><\/div><div class=\"fusion-sep-clear\"><\/div><div class=\"fusion-clearfix\"><\/div><\/div><\/div><div class=\"fusion-layout-column fusion_builder_column fusion-builder-column-6 fusion_builder_column_1_4 1_4 fusion-one-fourth fusion-column-last\" style=\"--awb-bg-size:cover;width:25%;width:calc(25% - ( ( 4% ) * 0.25 ) );\"><div class=\"fusion-column-wrapper fusion-flex-column-wrapper-legacy\"><div class=\"fusion-sep-clear\"><\/div><div class=\"fusion-separator fusion-full-width-sep\" style=\"margin-left: auto;margin-right: auto;margin-top:30px;margin-bottom:30px;width:100%;\"><\/div><div class=\"fusion-sep-clear\"><\/div><div class=\"fusion-image-element fusion-image-align-center in-legacy-container\" style=\"text-align:center;--awb-caption-title-font-family:var(--h2_typography-font-family);--awb-caption-title-font-weight:var(--h2_typography-font-weight);--awb-caption-title-font-style:var(--h2_typography-font-style);--awb-caption-title-size:var(--h2_typography-font-size);--awb-caption-title-transform:var(--h2_typography-text-transform);--awb-caption-title-line-height:var(--h2_typography-line-height);--awb-caption-title-letter-spacing:var(--h2_typography-letter-spacing);\"><div class=\"imageframe-align-center\"><span class=\" fusion-imageframe imageframe-none imageframe-4 hover-type-none\"><img decoding=\"async\" width=\"250\" height=\"96\" title=\"BIR-Logo\" src=\"https:\/\/www.wisco.es\/wp-content\/uploads\/2018\/02\/BIR-Logo.jpg\" alt class=\"img-responsive wp-image-2525\" srcset=\"https:\/\/www.wisco.es\/wp-content\/uploads\/2018\/02\/BIR-Logo-200x77.jpg 200w, https:\/\/www.wisco.es\/wp-content\/uploads\/2018\/02\/BIR-Logo.jpg 250w\" sizes=\"(max-width: 800px) 100vw, 250px\" \/><\/span><\/div><\/div><div class=\"fusion-clearfix\"><\/div><\/div><\/div><\/div><\/div><div class=\"fusion-fullwidth fullwidth-box fusion-builder-row-2 nonhundred-percent-fullwidth non-hundred-percent-height-scrolling\" style=\"--awb-border-radius-top-left:0px;--awb-border-radius-top-right:0px;--awb-border-radius-bottom-right:0px;--awb-border-radius-bottom-left:0px;--awb-flex-wrap:wrap;\" ><div class=\"fusion-builder-row fusion-row\"><div class=\"fusion-layout-column fusion_builder_column fusion-builder-column-7 fusion_builder_column_1_5 1_5 fusion-one-fifth fusion-column-first\" style=\"--awb-bg-size:cover;width:20%;width:calc(20% - ( ( 4% + 4% ) * 0.2 ) );margin-right: 4%;\"><div class=\"fusion-column-wrapper fusion-flex-column-wrapper-legacy\"><div class=\"fusion-clearfix\"><\/div><\/div><\/div><div class=\"fusion-layout-column fusion_builder_column fusion-builder-column-8 fusion_builder_column_3_5 3_5 fusion-three-fifth\" style=\"--awb-bg-size:cover;width:60%;width:calc(60% - ( ( 4% + 4% ) * 0.6 ) );margin-right: 4%;\"><div class=\"fusion-column-wrapper fusion-flex-column-wrapper-legacy\"><style type='text\/css'>.reading-box-container-1 .element-bottomshadow:before,.reading-box-container-1 .element-bottomshadow:after{opacity:0.7;}<\/style><div class=\"fusion-reading-box-container reading-box-container-1\" style=\"--awb-title-color:#000000;--awb-margin-top:0px;--awb-margin-bottom:20px;\"><div class=\"reading-box reading-box-center\" style=\"background-color:#ffffff;border-width:1px;border-color:#dd0007;border-style:solid;\"><h2>Pour demander un devis ou plus d'informations<\/h2><div class=\"reading-box-description fusion-reading-box-additional\">Contacter s'il vous pla\u00eet directement avec notre service des achats. <br\/><br\/>\n<a href=\"tel:34 948 513 050\">+34 948 513 050<\/a><br\/><br\/>\n<a href=\"mailto:compras@grupowisco.com\">compras@grupowisco.com<\/a>\n<\/div><div class=\"fusion-clearfix\"><\/div><\/div><\/div><div class=\"fusion-sep-clear\"><\/div><div class=\"fusion-separator fusion-full-width-sep\" style=\"margin-left: auto;margin-right: auto;margin-top:15px;margin-bottom:15px;width:100%;\"><\/div><div class=\"fusion-sep-clear\"><\/div><div class=\"fusion-clearfix\"><\/div><\/div><\/div><div class=\"fusion-layout-column fusion_builder_column fusion-builder-column-9 fusion_builder_column_1_5 1_5 fusion-one-fifth fusion-column-last\" style=\"--awb-bg-size:cover;width:20%;width:calc(20% - ( ( 4% + 4% ) * 0.2 ) );\"><div class=\"fusion-column-wrapper fusion-flex-column-wrapper-legacy\"><div class=\"fusion-clearfix\"><\/div><\/div><\/div><\/div><\/div><\/p>\n","protected":false},"excerpt":{"rendered":"","protected":false},"author":2,"featured_media":0,"parent":1606,"menu_order":0,"comment_status":"closed","ping_status":"closed","template":"100-width.php","meta":{"footnotes":""},"class_list":["post-2531","page","type-page","status-publish","hentry"],"yoast_head":"<!-- This site is optimized with the Yoast SEO plugin v23.7 - https:\/\/yoast.com\/wordpress\/plugins\/seo\/ -->\n<title>Achat de Bronze. Nous recyclons les d\u00e9chets des alliages de cuivre<\/title>\n<meta name=\"description\" content=\"Nous recyclons les d\u00e9chets et les copeaux des alliages de cuivre afin de fabriquer nos bronzes et laitons Haute R\u00e9sistance conform\u00e9ment.\" \/>\n<meta name=\"robots\" content=\"index, follow, max-snippet:-1, max-image-preview:large, max-video-preview:-1\" \/>\n<link rel=\"canonical\" href=\"https:\/\/www.wisco.es\/la-fabrica\/compra-bronce-cobre\/\" \/>\n<meta property=\"og:locale\" content=\"fr_FR\" \/>\n<meta property=\"og:type\" content=\"article\" \/>\n<meta property=\"og:title\" content=\"Achat de Bronze. Nous recyclons les d\u00e9chets des alliages de cuivre\" \/>\n<meta property=\"og:description\" content=\"Nous recyclons les d\u00e9chets et les copeaux des alliages de cuivre afin de fabriquer nos bronzes et laitons Haute R\u00e9sistance conform\u00e9ment.\" \/>\n<meta property=\"og:url\" content=\"https:\/\/www.wisco.es\/la-fabrica\/compra-bronce-cobre\/\" \/>\n<meta property=\"og:site_name\" content=\"Wisco\" \/>\n<meta property=\"article:modified_time\" content=\"2018-02-13T16:59:23+00:00\" \/>\n<meta name=\"twitter:card\" content=\"summary_large_image\" \/>\n<meta name=\"twitter:label1\" content=\"Dur\u00e9e de lecture est.\" \/>\n\t<meta name=\"twitter:data1\" content=\"8 minutes\" \/>\n<script type=\"application\/ld+json\" class=\"yoast-schema-graph\">{\"@context\":\"https:\/\/schema.org\",\"@graph\":[{\"@type\":\"WebPage\",\"@id\":\"https:\/\/www.wisco.es\/la-fabrica\/compra-bronce-cobre\/\",\"url\":\"https:\/\/www.wisco.es\/la-fabrica\/compra-bronce-cobre\/\",\"name\":\"Achat de Bronze. Nous recyclons les d\u00e9chets des alliages de cuivre\",\"isPartOf\":{\"@id\":\"https:\/\/www.wisco.es\/#website\"},\"datePublished\":\"2018-02-13T08:30:25+00:00\",\"dateModified\":\"2018-02-13T16:59:23+00:00\",\"description\":\"Nous recyclons les d\u00e9chets et les copeaux des alliages de cuivre afin de fabriquer nos bronzes et laitons Haute R\u00e9sistance conform\u00e9ment.\",\"breadcrumb\":{\"@id\":\"https:\/\/www.wisco.es\/la-fabrica\/compra-bronce-cobre\/#breadcrumb\"},\"inLanguage\":\"fr-FR\",\"potentialAction\":[{\"@type\":\"ReadAction\",\"target\":[\"https:\/\/www.wisco.es\/la-fabrica\/compra-bronce-cobre\/\"]}]},{\"@type\":\"BreadcrumbList\",\"@id\":\"https:\/\/www.wisco.es\/la-fabrica\/compra-bronce-cobre\/#breadcrumb\",\"itemListElement\":[{\"@type\":\"ListItem\",\"position\":1,\"name\":\"Portada\",\"item\":\"https:\/\/www.wisco.es\/fr\/\"},{\"@type\":\"ListItem\",\"position\":2,\"name\":\"L&#8217;usine\",\"item\":\"https:\/\/www.wisco.es\/la-fabrica\/\"},{\"@type\":\"ListItem\",\"position\":3,\"name\":\"Achat de Bronze et Cuivre\"}]},{\"@type\":\"WebSite\",\"@id\":\"https:\/\/www.wisco.es\/#website\",\"url\":\"https:\/\/www.wisco.es\/\",\"name\":\"Wisco\",\"description\":\"\",\"potentialAction\":[{\"@type\":\"SearchAction\",\"target\":{\"@type\":\"EntryPoint\",\"urlTemplate\":\"https:\/\/www.wisco.es\/?s={search_term_string}\"},\"query-input\":{\"@type\":\"PropertyValueSpecification\",\"valueRequired\":true,\"valueName\":\"search_term_string\"}}],\"inLanguage\":\"fr-FR\"}]}<\/script>\n<!-- \/ Yoast SEO plugin. -->","yoast_head_json":{"title":"Achat de Bronze. Nous recyclons les d\u00e9chets des alliages de cuivre","description":"Nous recyclons les d\u00e9chets et les copeaux des alliages de cuivre afin de fabriquer nos bronzes et laitons Haute R\u00e9sistance conform\u00e9ment.","robots":{"index":"index","follow":"follow","max-snippet":"max-snippet:-1","max-image-preview":"max-image-preview:large","max-video-preview":"max-video-preview:-1"},"canonical":"https:\/\/www.wisco.es\/la-fabrica\/compra-bronce-cobre\/","og_locale":"fr_FR","og_type":"article","og_title":"Achat de Bronze. Nous recyclons les d\u00e9chets des alliages de cuivre","og_description":"Nous recyclons les d\u00e9chets et les copeaux des alliages de cuivre afin de fabriquer nos bronzes et laitons Haute R\u00e9sistance conform\u00e9ment.","og_url":"https:\/\/www.wisco.es\/la-fabrica\/compra-bronce-cobre\/","og_site_name":"Wisco","article_modified_time":"2018-02-13T16:59:23+00:00","twitter_card":"summary_large_image","twitter_misc":{"Dur\u00e9e de lecture est.":"8 minutes"},"schema":{"@context":"https:\/\/schema.org","@graph":[{"@type":"WebPage","@id":"https:\/\/www.wisco.es\/la-fabrica\/compra-bronce-cobre\/","url":"https:\/\/www.wisco.es\/la-fabrica\/compra-bronce-cobre\/","name":"Achat de Bronze. Nous recyclons les d\u00e9chets des alliages de cuivre","isPartOf":{"@id":"https:\/\/www.wisco.es\/#website"},"datePublished":"2018-02-13T08:30:25+00:00","dateModified":"2018-02-13T16:59:23+00:00","description":"Nous recyclons les d\u00e9chets et les copeaux des alliages de cuivre afin de fabriquer nos bronzes et laitons Haute R\u00e9sistance conform\u00e9ment.","breadcrumb":{"@id":"https:\/\/www.wisco.es\/la-fabrica\/compra-bronce-cobre\/#breadcrumb"},"inLanguage":"fr-FR","potentialAction":[{"@type":"ReadAction","target":["https:\/\/www.wisco.es\/la-fabrica\/compra-bronce-cobre\/"]}]},{"@type":"BreadcrumbList","@id":"https:\/\/www.wisco.es\/la-fabrica\/compra-bronce-cobre\/#breadcrumb","itemListElement":[{"@type":"ListItem","position":1,"name":"Portada","item":"https:\/\/www.wisco.es\/fr\/"},{"@type":"ListItem","position":2,"name":"L&#8217;usine","item":"https:\/\/www.wisco.es\/la-fabrica\/"},{"@type":"ListItem","position":3,"name":"Achat de Bronze et Cuivre"}]},{"@type":"WebSite","@id":"https:\/\/www.wisco.es\/#website","url":"https:\/\/www.wisco.es\/","name":"Wisco","description":"","potentialAction":[{"@type":"SearchAction","target":{"@type":"EntryPoint","urlTemplate":"https:\/\/www.wisco.es\/?s={search_term_string}"},"query-input":{"@type":"PropertyValueSpecification","valueRequired":true,"valueName":"search_term_string"}}],"inLanguage":"fr-FR"}]}},"_links":{"self":[{"href":"https:\/\/www.wisco.es\/fr\/wp-json\/wp\/v2\/pages\/2531","targetHints":{"allow":["GET"]}}],"collection":[{"href":"https:\/\/www.wisco.es\/fr\/wp-json\/wp\/v2\/pages"}],"about":[{"href":"https:\/\/www.wisco.es\/fr\/wp-json\/wp\/v2\/types\/page"}],"author":[{"embeddable":true,"href":"https:\/\/www.wisco.es\/fr\/wp-json\/wp\/v2\/users\/2"}],"replies":[{"embeddable":true,"href":"https:\/\/www.wisco.es\/fr\/wp-json\/wp\/v2\/comments?post=2531"}],"version-history":[{"count":0,"href":"https:\/\/www.wisco.es\/fr\/wp-json\/wp\/v2\/pages\/2531\/revisions"}],"up":[{"embeddable":true,"href":"https:\/\/www.wisco.es\/fr\/wp-json\/wp\/v2\/pages\/1606"}],"wp:attachment":[{"href":"https:\/\/www.wisco.es\/fr\/wp-json\/wp\/v2\/media?parent=2531"}],"curies":[{"name":"wp","href":"https:\/\/api.w.org\/{rel}","templated":true}]}}