{"id":1600,"date":"2016-09-13T15:29:37","date_gmt":"2016-09-13T13:29:37","guid":{"rendered":"http:\/\/wiscoes.wpengine.com\/formas\/"},"modified":"2017-08-30T09:32:34","modified_gmt":"2017-08-30T07:32:34","slug":"formes","status":"publish","type":"page","link":"https:\/\/www.wisco.es\/fr\/formes\/","title":{"rendered":"Formes"},"content":{"rendered":"<div class=\"fusion-fullwidth fullwidth-box fusion-builder-row-1 nonhundred-percent-fullwidth non-hundred-percent-height-scrolling\" style=\"--awb-background-position:left top;--awb-border-radius-top-left:0px;--awb-border-radius-top-right:0px;--awb-border-radius-bottom-right:0px;--awb-border-radius-bottom-left:0px;--awb-padding-top:20px;--awb-padding-bottom:20px;--awb-border-sizes-top:0px;--awb-border-sizes-bottom:0px;--awb-flex-wrap:wrap;\" ><div class=\"fusion-builder-row fusion-row\"><div class=\"fusion-layout-column fusion_builder_column fusion-builder-column-0 fusion_builder_column_2_3 2_3 fusion-two-third fusion-column-first\" style=\"--awb-bg-size:cover;width:65.3333%; margin-right: 4%;\"><div class=\"fusion-column-wrapper fusion-flex-column-wrapper-legacy\"><div class=\"fusion-text fusion-text-1\"><p>Nous avons une disponibilit\u00e9 imm\u00e9diate de centaines de tonnes de barres creuses et massives de bronze dans les dimensions les plus communes et \u00e9galement dans des tailles de diam\u00e8tre jusqu&rsquo;\u00e0 345 mm.<\/p>\n<p>Nous sommes \u00e9galement connus pour disposer d&rsquo;un grand inventaire de barres de bronze rectangulaires (jantes) et carr\u00e9s dans de grandes tailles. Nous fabriquons des jantes de 312 mm de large jusqu&rsquo;\u00e0 102 d&rsquo;\u00e9paisseur et carr\u00e9s jusqu&rsquo;\u00e0 250 mm.<\/p>\n<p>Nous fournissons <strong>d&rsquo;autres formes g\u00e9om\u00e9triques<\/strong> comme des demi-lunes, des hexagones, des pentagones et des profils sp\u00e9ciaux.<\/p>\n<p>Nous fabriquons des bronzes sur mesure, tant dans les alliages que dans les formes et dimensions. Notre grande capacit\u00e9 de production nous permet par ailleurs de fournir dans des d\u00e9lais de livraison tr\u00e8s ajust\u00e9s.<\/p>\n<\/div><div class=\"fusion-clearfix\"><\/div><\/div><\/div><div class=\"fusion-layout-column fusion_builder_column fusion-builder-column-1 fusion_builder_column_1_3 1_3 fusion-one-third fusion-column-last info-destacada\" style=\"--awb-bg-size:cover;width:30.6666%;\"><div class=\"fusion-column-wrapper fusion-flex-column-wrapper-legacy\"><div class=\"fusion-text fusion-text-2\"><p>Nous fabriquons des alliages de bronze <strong>de la forme n\u00e9cessaire.<\/strong><\/p>\n<\/div><div class=\"fusion-clearfix\"><\/div><\/div><\/div><div class=\"fusion-layout-column fusion_builder_column fusion-builder-column-2 fusion_builder_column_1_1 1_1 fusion-one-full fusion-column-first fusion-column-last fusion-column-no-min-height\" style=\"--awb-bg-size:cover;--awb-margin-bottom:0px;\"><div class=\"fusion-column-wrapper fusion-flex-column-wrapper-legacy\"><div class=\"fusion-text fusion-text-3\">\n\n\n<div id=\"wpv-view-layout-152-TCPID1600\" class=\"js-wpv-view-layout js-wpv-layout-responsive js-wpv-view-layout-152-TCPID1600\" data-viewnumber=\"152-TCPID1600\" data-pagination=\"{&quot;id&quot;:152,&quot;query&quot;:&quot;normal&quot;,&quot;type&quot;:&quot;disabled&quot;,&quot;effect&quot;:&quot;fade&quot;,&quot;duration&quot;:500,&quot;speed&quot;:5,&quot;pause_on_hover&quot;:&quot;disabled&quot;,&quot;stop_rollover&quot;:&quot;false&quot;,&quot;cache_pages&quot;:&quot;enabled&quot;,&quot;preload_images&quot;:&quot;enabled&quot;,&quot;preload_pages&quot;:&quot;enabled&quot;,&quot;preload_reach&quot;:1,&quot;spinner&quot;:&quot;builtin&quot;,&quot;spinner_image&quot;:&quot;https:\/\/wiscoes.wpengine.com\/wp-content\/plugins\/wp-views\/res\/img\/ajax-loader.gif&quot;,&quot;callback_next&quot;:&quot;&quot;,&quot;manage_history&quot;:&quot;enabled&quot;,&quot;has_controls_in_form&quot;:&quot;disabled&quot;,&quot;infinite_tolerance&quot;:&quot;0&quot;,&quot;max_pages&quot;:0,&quot;page&quot;:1,&quot;base_permalink&quot;:&quot;\/fr\/wp-json\/wp\/v2\/pages\/1600?wpv_view_count=152-TCPID1600&amp;wpv_paged=WPV_PAGE_NUM&quot;,&quot;loop&quot;:{&quot;type&quot;:&quot;&quot;,&quot;name&quot;:&quot;&quot;,&quot;data&quot;:[],&quot;id&quot;:0}}\" data-permalink=\"\/fr\/wp-json\/wp\/v2\/pages\/1600?wpv_view_count=152-TCPID1600\">\n\n\t\n<div class=\"fusion-fullwidth grid-paginas-hijas formes\">\n<div class=\"fusion-row \">\n\t\n\t\t\n          <div class=\"col-md-3 col-sm-6\">\n            \n            <a href=\"https:\/\/www.wisco.es\/fr\/formes\/autres-profils-de-bronze\/\"><span class=\"imagen-destacada fusion-imageframe hover-type-zoomin\"><img decoding=\"async\" class=\"attachment-220x220 size-220x220\" src=\"https:\/\/www.wisco.es\/wp-content\/uploads\/2016\/09\/Barras-cuadradas-wpv_220x220_center_center.jpg\" width=\"220\" height=\"220\" alt=\"\" \/>\n            <\/span><\/a>\n            <div class=\"titulo\">\n              <h3><a href=\"https:\/\/www.wisco.es\/fr\/formes\/autres-profils-de-bronze\/\">Autres profils sp\u00e9ciaux en bronze<\/a><\/h3><\/div> \n          \n            <div class=\"boton-cta\">\n              <a href=\"https:\/\/www.wisco.es\/fr\/formes\/autres-profils-de-bronze\/\">Pour plus d'informations <i class=\"fa fa-angle-right\" aria-hidden=\"true\"><\/i><\/a><\/div>\n          <\/div>\n          \n          <div class=\"col-md-3 col-sm-6\">\n            \n            <a href=\"https:\/\/www.wisco.es\/fr\/formes\/plats-et-carres-en-bronze\/\"><span class=\"imagen-destacada fusion-imageframe hover-type-zoomin\"><img decoding=\"async\" class=\"attachment-220x220 size-220x220\" src=\"https:\/\/www.wisco.es\/wp-content\/uploads\/2016\/09\/Barra-rectangular-wpv_220x220_center_center.jpg\" width=\"220\" height=\"220\" alt=\"\" \/>\n            <\/span><\/a>\n            <div class=\"titulo\">\n              <h3><a href=\"https:\/\/www.wisco.es\/fr\/formes\/plats-et-carres-en-bronze\/\">Plats et carr\u00e9s en bronze<\/a><\/h3><\/div> \n          \n            <div class=\"boton-cta\">\n              <a href=\"https:\/\/www.wisco.es\/fr\/formes\/plats-et-carres-en-bronze\/\">Pour plus d'informations <i class=\"fa fa-angle-right\" aria-hidden=\"true\"><\/i><\/a><\/div>\n          <\/div>\n          \n          <div class=\"col-md-3 col-sm-6\">\n            \n            <a href=\"https:\/\/www.wisco.es\/fr\/formes\/ronds-pleins-en-bronze\/\"><span class=\"imagen-destacada fusion-imageframe hover-type-zoomin\"><img decoding=\"async\" class=\"attachment-220x220 size-220x220\" src=\"https:\/\/www.wisco.es\/wp-content\/uploads\/2016\/09\/Barra-macizas-wpv_220x220_center_center.jpg\" width=\"220\" height=\"220\" alt=\"\" \/>\n            <\/span><\/a>\n            <div class=\"titulo\">\n              <h3><a href=\"https:\/\/www.wisco.es\/fr\/formes\/ronds-pleins-en-bronze\/\">Ronds pleins en bronze<\/a><\/h3><\/div> \n          \n            <div class=\"boton-cta\">\n              <a href=\"https:\/\/www.wisco.es\/fr\/formes\/ronds-pleins-en-bronze\/\">Pour plus d'informations <i class=\"fa fa-angle-right\" aria-hidden=\"true\"><\/i><\/a><\/div>\n          <\/div>\n          <div class=\"clearfix\"><\/div>\n\t\t\n          <div class=\"col-md-3 col-sm-6\">\n            \n            <a href=\"https:\/\/www.wisco.es\/fr\/formes\/jets-creux-en-bronze\/\"><span class=\"imagen-destacada fusion-imageframe hover-type-zoomin\"><img decoding=\"async\" class=\"attachment-220x220 size-220x220\" src=\"https:\/\/www.wisco.es\/wp-content\/uploads\/2016\/09\/Barra-huecas-wpv_220x220_center_center.jpg\" width=\"220\" height=\"220\" alt=\"\" \/>\n            <\/span><\/a>\n            <div class=\"titulo\">\n              <h3><a href=\"https:\/\/www.wisco.es\/fr\/formes\/jets-creux-en-bronze\/\">Jets creux en bronze<\/a><\/h3><\/div> \n          \n            <div class=\"boton-cta\">\n              <a href=\"https:\/\/www.wisco.es\/fr\/formes\/jets-creux-en-bronze\/\">Pour plus d'informations <i class=\"fa fa-angle-right\" aria-hidden=\"true\"><\/i><\/a><\/div>\n          <\/div>\n          \n\t\n  <\/div>\n<\/div>\n\t\n\t\n<\/div>\n\n<\/div><div class=\"fusion-clearfix\"><\/div><\/div><\/div><\/div><\/div>\n","protected":false},"excerpt":{"rendered":"","protected":false},"author":2,"featured_media":0,"parent":0,"menu_order":0,"comment_status":"closed","ping_status":"closed","template":"","meta":{"footnotes":""},"class_list":["post-1600","page","type-page","status-publish","hentry"],"yoast_head":"<!-- This site is optimized with the Yoast SEO plugin v23.7 - https:\/\/yoast.com\/wordpress\/plugins\/seo\/ -->\n<title>Formes - Wisco<\/title>\n<meta name=\"description\" content=\"WISCO fabrique des bronzes dans une grande vari\u00e9t\u00e9 de formes, avec plus de 1.500.000 kg de barres et jantes de bronze en stock aujourd&#039;hui.\" \/>\n<meta name=\"robots\" content=\"index, follow, max-snippet:-1, max-image-preview:large, max-video-preview:-1\" \/>\n<link rel=\"canonical\" href=\"https:\/\/www.wisco.es\/formas\/\" \/>\n<meta property=\"og:locale\" content=\"fr_FR\" \/>\n<meta property=\"og:type\" content=\"article\" \/>\n<meta property=\"og:title\" content=\"Formes - Wisco\" \/>\n<meta property=\"og:description\" content=\"WISCO fabrique des bronzes dans une grande vari\u00e9t\u00e9 de formes, avec plus de 1.500.000 kg de barres et jantes de bronze en stock aujourd&#039;hui.\" \/>\n<meta property=\"og:url\" content=\"https:\/\/www.wisco.es\/formas\/\" \/>\n<meta property=\"og:site_name\" content=\"Wisco\" \/>\n<meta property=\"article:modified_time\" content=\"2017-08-30T07:32:34+00:00\" \/>\n<meta name=\"twitter:card\" content=\"summary_large_image\" \/>\n<meta name=\"twitter:label1\" content=\"Dur\u00e9e de lecture est.\" \/>\n\t<meta name=\"twitter:data1\" content=\"2 minutes\" \/>\n<script type=\"application\/ld+json\" class=\"yoast-schema-graph\">{\"@context\":\"https:\/\/schema.org\",\"@graph\":[{\"@type\":\"WebPage\",\"@id\":\"https:\/\/www.wisco.es\/formas\/\",\"url\":\"https:\/\/www.wisco.es\/formas\/\",\"name\":\"Formes - Wisco\",\"isPartOf\":{\"@id\":\"https:\/\/www.wisco.es\/#website\"},\"datePublished\":\"2016-09-13T13:29:37+00:00\",\"dateModified\":\"2017-08-30T07:32:34+00:00\",\"description\":\"WISCO fabrique des bronzes dans une grande vari\u00e9t\u00e9 de formes, avec plus de 1.500.000 kg de barres et jantes de bronze en stock aujourd'hui.\",\"breadcrumb\":{\"@id\":\"https:\/\/www.wisco.es\/formas\/#breadcrumb\"},\"inLanguage\":\"fr-FR\",\"potentialAction\":[{\"@type\":\"ReadAction\",\"target\":[\"https:\/\/www.wisco.es\/formas\/\"]}]},{\"@type\":\"BreadcrumbList\",\"@id\":\"https:\/\/www.wisco.es\/formas\/#breadcrumb\",\"itemListElement\":[{\"@type\":\"ListItem\",\"position\":1,\"name\":\"Portada\",\"item\":\"https:\/\/www.wisco.es\/fr\/\"},{\"@type\":\"ListItem\",\"position\":2,\"name\":\"Formes\"}]},{\"@type\":\"WebSite\",\"@id\":\"https:\/\/www.wisco.es\/#website\",\"url\":\"https:\/\/www.wisco.es\/\",\"name\":\"Wisco\",\"description\":\"\",\"potentialAction\":[{\"@type\":\"SearchAction\",\"target\":{\"@type\":\"EntryPoint\",\"urlTemplate\":\"https:\/\/www.wisco.es\/?s={search_term_string}\"},\"query-input\":{\"@type\":\"PropertyValueSpecification\",\"valueRequired\":true,\"valueName\":\"search_term_string\"}}],\"inLanguage\":\"fr-FR\"}]}<\/script>\n<!-- \/ Yoast SEO plugin. -->","yoast_head_json":{"title":"Formes - Wisco","description":"WISCO fabrique des bronzes dans une grande vari\u00e9t\u00e9 de formes, avec plus de 1.500.000 kg de barres et jantes de bronze en stock aujourd'hui.","robots":{"index":"index","follow":"follow","max-snippet":"max-snippet:-1","max-image-preview":"max-image-preview:large","max-video-preview":"max-video-preview:-1"},"canonical":"https:\/\/www.wisco.es\/formas\/","og_locale":"fr_FR","og_type":"article","og_title":"Formes - Wisco","og_description":"WISCO fabrique des bronzes dans une grande vari\u00e9t\u00e9 de formes, avec plus de 1.500.000 kg de barres et jantes de bronze en stock aujourd'hui.","og_url":"https:\/\/www.wisco.es\/formas\/","og_site_name":"Wisco","article_modified_time":"2017-08-30T07:32:34+00:00","twitter_card":"summary_large_image","twitter_misc":{"Dur\u00e9e de lecture est.":"2 minutes"},"schema":{"@context":"https:\/\/schema.org","@graph":[{"@type":"WebPage","@id":"https:\/\/www.wisco.es\/formas\/","url":"https:\/\/www.wisco.es\/formas\/","name":"Formes - Wisco","isPartOf":{"@id":"https:\/\/www.wisco.es\/#website"},"datePublished":"2016-09-13T13:29:37+00:00","dateModified":"2017-08-30T07:32:34+00:00","description":"WISCO fabrique des bronzes dans une grande vari\u00e9t\u00e9 de formes, avec plus de 1.500.000 kg de barres et jantes de bronze en stock aujourd'hui.","breadcrumb":{"@id":"https:\/\/www.wisco.es\/formas\/#breadcrumb"},"inLanguage":"fr-FR","potentialAction":[{"@type":"ReadAction","target":["https:\/\/www.wisco.es\/formas\/"]}]},{"@type":"BreadcrumbList","@id":"https:\/\/www.wisco.es\/formas\/#breadcrumb","itemListElement":[{"@type":"ListItem","position":1,"name":"Portada","item":"https:\/\/www.wisco.es\/fr\/"},{"@type":"ListItem","position":2,"name":"Formes"}]},{"@type":"WebSite","@id":"https:\/\/www.wisco.es\/#website","url":"https:\/\/www.wisco.es\/","name":"Wisco","description":"","potentialAction":[{"@type":"SearchAction","target":{"@type":"EntryPoint","urlTemplate":"https:\/\/www.wisco.es\/?s={search_term_string}"},"query-input":{"@type":"PropertyValueSpecification","valueRequired":true,"valueName":"search_term_string"}}],"inLanguage":"fr-FR"}]}},"_links":{"self":[{"href":"https:\/\/www.wisco.es\/fr\/wp-json\/wp\/v2\/pages\/1600","targetHints":{"allow":["GET"]}}],"collection":[{"href":"https:\/\/www.wisco.es\/fr\/wp-json\/wp\/v2\/pages"}],"about":[{"href":"https:\/\/www.wisco.es\/fr\/wp-json\/wp\/v2\/types\/page"}],"author":[{"embeddable":true,"href":"https:\/\/www.wisco.es\/fr\/wp-json\/wp\/v2\/users\/2"}],"replies":[{"embeddable":true,"href":"https:\/\/www.wisco.es\/fr\/wp-json\/wp\/v2\/comments?post=1600"}],"version-history":[{"count":0,"href":"https:\/\/www.wisco.es\/fr\/wp-json\/wp\/v2\/pages\/1600\/revisions"}],"wp:attachment":[{"href":"https:\/\/www.wisco.es\/fr\/wp-json\/wp\/v2\/media?parent=1600"}],"curies":[{"name":"wp","href":"https:\/\/api.w.org\/{rel}","templated":true}]}}