{"id":1526,"date":"2016-09-15T11:04:06","date_gmt":"2016-09-15T09:04:06","guid":{"rendered":"http:\/\/wiscoes.wpengine.com\/bronces-al-aluminio\/"},"modified":"2018-02-06T17:49:01","modified_gmt":"2018-02-06T16:49:01","slug":"bronzes-a-laluminium","status":"publish","type":"page","link":"https:\/\/www.wisco.es\/fr\/alliages-wisco\/bronzes-a-laluminium\/","title":{"rendered":"Bronzes \u00e0 l&rsquo;aluminium"},"content":{"rendered":"<p><div class=\"fusion-fullwidth fullwidth-box fusion-builder-row-1 nonhundred-percent-fullwidth non-hundred-percent-height-scrolling\" style=\"--awb-background-position:left top;--awb-border-radius-top-left:0px;--awb-border-radius-top-right:0px;--awb-border-radius-bottom-right:0px;--awb-border-radius-bottom-left:0px;--awb-padding-top:20px;--awb-padding-bottom:20px;--awb-border-sizes-top:0px;--awb-border-sizes-bottom:0px;--awb-flex-wrap:wrap;\" ><div class=\"fusion-builder-row fusion-row\"><div class=\"fusion-layout-column fusion_builder_column fusion-builder-column-0 fusion_builder_column_1_1 1_1 fusion-one-full fusion-column-first fusion-column-last fusion-column-no-min-height\" style=\"--awb-bg-size:cover;--awb-margin-bottom:0px;\"><div class=\"fusion-column-wrapper fusion-flex-column-wrapper-legacy\"><div class=\"fusion-text fusion-text-1\">\n\n\n<div id=\"wpv-view-layout-1088-CATTR2f2c75a199e1b913d6fcc32106e2cb4b\" class=\"js-wpv-view-layout js-wpv-layout-responsive js-wpv-view-layout-1088-CATTR2f2c75a199e1b913d6fcc32106e2cb4b\" data-viewnumber=\"1088-CATTR2f2c75a199e1b913d6fcc32106e2cb4b\" data-pagination=\"{&quot;id&quot;:1088,&quot;query&quot;:&quot;normal&quot;,&quot;type&quot;:&quot;disabled&quot;,&quot;effect&quot;:&quot;fade&quot;,&quot;duration&quot;:500,&quot;speed&quot;:5,&quot;pause_on_hover&quot;:&quot;disabled&quot;,&quot;stop_rollover&quot;:&quot;false&quot;,&quot;cache_pages&quot;:&quot;enabled&quot;,&quot;preload_images&quot;:&quot;enabled&quot;,&quot;preload_pages&quot;:&quot;enabled&quot;,&quot;preload_reach&quot;:1,&quot;spinner&quot;:&quot;builtin&quot;,&quot;spinner_image&quot;:&quot;https:\/\/wiscoes.wpengine.com\/wp-content\/plugins\/wp-views\/res\/img\/ajax-loader.gif&quot;,&quot;callback_next&quot;:&quot;&quot;,&quot;manage_history&quot;:&quot;enabled&quot;,&quot;has_controls_in_form&quot;:&quot;disabled&quot;,&quot;infinite_tolerance&quot;:&quot;0&quot;,&quot;max_pages&quot;:0,&quot;page&quot;:1,&quot;base_permalink&quot;:&quot;\/fr\/wp-json\/wp\/v2\/pages\/1526?wpv_view_count=1088-CATTR2f2c75a199e1b913d6fcc32106e2cb4b&amp;wpv_paged=WPV_PAGE_NUM&quot;,&quot;loop&quot;:{&quot;type&quot;:&quot;&quot;,&quot;name&quot;:&quot;&quot;,&quot;data&quot;:[],&quot;id&quot;:0}}\" data-permalink=\"\/fr\/wp-json\/wp\/v2\/pages\/1526?wpv_view_count=1088-CATTR2f2c75a199e1b913d6fcc32106e2cb4b\">\n\n\t\n<div class=\"row productos-wisco\">\n\t\n\t\t\n          <div class=\"col-md-4 col-sm-6\">\n            <div class=\"producto-wisco\">\n              \n              <h2><a href=\"https:\/\/www.wisco.es\/fr\/aleaciones\/w-alni\/\">W-AlNi<\/a><\/h2>\n              <p>CC333G<\/p>\n              <p>CuAl10Fe5Ni5-C<\/p>\n              <div><a href=\"https:\/\/www.wisco.es\/fr\/aleaciones\/w-alni\/\" class=\"btn\">Voir <i class=\"fa fa-angle-right\" aria-hidden=\"true\"><\/i><\/a><\/div>\n          \t<\/div>\n          <\/div>\n\t\t\n          <div class=\"col-md-4 col-sm-6\">\n            <div class=\"producto-wisco\">\n              \n              <h2><a href=\"https:\/\/www.wisco.es\/fr\/aleaciones\/w-alfe\/\">W-AlFe<\/a><\/h2>\n              <p>CC331G<\/p>\n              <p>CuAl10Fe2-C<\/p>\n              <div><a href=\"https:\/\/www.wisco.es\/fr\/aleaciones\/w-alfe\/\" class=\"btn\">Voir <i class=\"fa fa-angle-right\" aria-hidden=\"true\"><\/i><\/a><\/div>\n          \t<\/div>\n          <\/div>\n\t\t\n\t\n<\/div>\n\t\n\t\n<\/div>\n\n<\/div><div class=\"fusion-clearfix\"><\/div><\/div><\/div><\/div><\/div><div class=\"fusion-fullwidth fullwidth-box fusion-builder-row-2 hundred-percent-fullwidth non-hundred-percent-height-scrolling\" style=\"--awb-border-radius-top-left:0px;--awb-border-radius-top-right:0px;--awb-border-radius-bottom-right:0px;--awb-border-radius-bottom-left:0px;--awb-overflow:visible;--awb-padding-right:16px;--awb-padding-left:16px;--awb-flex-wrap:wrap;\" ><div class=\"fusion-builder-row fusion-row\"><div class=\"fusion-layout-column fusion_builder_column fusion-builder-column-1 fusion_builder_column_1_1 1_1 fusion-one-full fusion-column-first fusion-column-last fusion-column-no-min-height\" style=\"--awb-bg-size:cover;--awb-margin-bottom:0px;\"><div class=\"fusion-column-wrapper fusion-flex-column-wrapper-legacy\"><div class=\"fusion-text fusion-text-2\">\n\n\n<div id=\"wpv-view-layout-190-TCPID1526\" class=\"js-wpv-view-layout js-wpv-layout-responsive js-wpv-view-layout-190-TCPID1526\" data-viewnumber=\"190-TCPID1526\" data-pagination=\"{&quot;id&quot;:190,&quot;query&quot;:&quot;normal&quot;,&quot;type&quot;:&quot;disabled&quot;,&quot;effect&quot;:&quot;fade&quot;,&quot;duration&quot;:500,&quot;speed&quot;:5,&quot;pause_on_hover&quot;:&quot;disabled&quot;,&quot;stop_rollover&quot;:&quot;false&quot;,&quot;cache_pages&quot;:&quot;enabled&quot;,&quot;preload_images&quot;:&quot;enabled&quot;,&quot;preload_pages&quot;:&quot;enabled&quot;,&quot;preload_reach&quot;:1,&quot;spinner&quot;:&quot;builtin&quot;,&quot;spinner_image&quot;:&quot;https:\/\/wiscoes.wpengine.com\/wp-content\/plugins\/wp-views\/res\/img\/ajax-loader.gif&quot;,&quot;callback_next&quot;:&quot;&quot;,&quot;manage_history&quot;:&quot;enabled&quot;,&quot;has_controls_in_form&quot;:&quot;disabled&quot;,&quot;infinite_tolerance&quot;:&quot;0&quot;,&quot;max_pages&quot;:0,&quot;page&quot;:1,&quot;base_permalink&quot;:&quot;\/fr\/wp-json\/wp\/v2\/pages\/1526?wpv_view_count=190-TCPID1526&amp;wpv_paged=WPV_PAGE_NUM&quot;,&quot;loop&quot;:{&quot;type&quot;:&quot;&quot;,&quot;name&quot;:&quot;&quot;,&quot;data&quot;:[],&quot;id&quot;:0}}\" data-permalink=\"\/fr\/wp-json\/wp\/v2\/pages\/1526?wpv_view_count=190-TCPID1526\">\n\n\t\n<div class=\"fusion-fullwidth fullwidth-box bloque-presupuesto\">\n<div class=\"fusion-row\">\n  <div class=\"col-md-6\">\n  <h3>\u00cates-vous int\u00e9ress\u00e9 par ce produit ?<\/h3>\n  <p>Demandez un devis sans engagement et sur mesure.<\/p>\n  <\/div>\n  <div class=\"col-md-6\">\n  <a class=\"btn\" href=\"\/fr\/contact\/demande-de-devis\/\">Demandez un devis<\/a>\n  <\/div>\n<\/div>\n<\/div>\n\t\n\t\t\n\t\t\n\t\t\n\t\t\n\t\t\n\t\t\n\t\t\n\t\t\n\t\t\n\t\t\n\t\t\n\t\t\n\t\t\n\t\t\n\t\t\n\t\t\n\t\t\n\t\t\n\t\t\n\t\t\n\t\t\n\t\t\n\t\t\n\t\t\n\t\t\n\t\t\n\t\t\n\t\t\n\t\t\n\t\t\n\t\t\n\t\t\n\t\t\n\t\t\n\t\t\n\t\t\n\t\t\n\t\t\n\t\t\n\t\t\n\t\t\n\t\t\n\t\t\n\t\t\n\t\t\n\t\t\n\t\t\n\t\t\n\t\n\t\n\t\n<\/div>\n\n<\/div><div class=\"fusion-clearfix\"><\/div><\/div><\/div><\/div><\/div><\/p>\n","protected":false},"excerpt":{"rendered":"","protected":false},"author":2,"featured_media":1527,"parent":1604,"menu_order":0,"comment_status":"closed","ping_status":"closed","template":"100-width.php","meta":{"footnotes":""},"class_list":["post-1526","page","type-page","status-publish","has-post-thumbnail","hentry"],"yoast_head":"<!-- This site is optimized with the Yoast SEO plugin v23.7 - https:\/\/yoast.com\/wordpress\/plugins\/seo\/ -->\n<title>Bronzes \u00e0 l\u2019aluminium. Bronzes CuAl10Fe5Ni5-C et CuAl10Fe2-C<\/title>\n<meta name=\"description\" content=\"Les bronzes \u00e0 l&#039;aluminium fournissent une duret\u00e9 et une r\u00e9sistance \u00e0 la corrosion sup\u00e9rieures \u00e0 celles d&#039;autres alliages de bronze.\" \/>\n<meta name=\"robots\" content=\"index, follow, max-snippet:-1, max-image-preview:large, max-video-preview:-1\" \/>\n<link rel=\"canonical\" href=\"https:\/\/www.wisco.es\/aleaciones-wisco\/bronces-al-aluminio\/\" \/>\n<meta property=\"og:locale\" content=\"fr_FR\" \/>\n<meta property=\"og:type\" content=\"article\" \/>\n<meta property=\"og:title\" content=\"Bronzes \u00e0 l\u2019aluminium. Bronzes CuAl10Fe5Ni5-C et CuAl10Fe2-C\" \/>\n<meta property=\"og:description\" content=\"Les bronzes \u00e0 l&#039;aluminium fournissent une duret\u00e9 et une r\u00e9sistance \u00e0 la corrosion sup\u00e9rieures \u00e0 celles d&#039;autres alliages de bronze.\" \/>\n<meta property=\"og:url\" content=\"https:\/\/www.wisco.es\/aleaciones-wisco\/bronces-al-aluminio\/\" \/>\n<meta property=\"og:site_name\" content=\"Wisco\" \/>\n<meta property=\"article:modified_time\" content=\"2018-02-06T16:49:01+00:00\" \/>\n<meta property=\"og:image\" content=\"https:\/\/www.wisco.es\/wp-content\/uploads\/2016\/09\/Cabecera-Bronces-al-aluminio.jpg\" \/>\n\t<meta property=\"og:image:width\" content=\"1400\" \/>\n\t<meta property=\"og:image:height\" content=\"428\" \/>\n\t<meta property=\"og:image:type\" content=\"image\/jpeg\" \/>\n<meta name=\"twitter:card\" content=\"summary_large_image\" \/>\n<meta name=\"twitter:label1\" content=\"Dur\u00e9e de lecture est.\" \/>\n\t<meta name=\"twitter:data1\" content=\"1 minute\" \/>\n<script type=\"application\/ld+json\" class=\"yoast-schema-graph\">{\"@context\":\"https:\/\/schema.org\",\"@graph\":[{\"@type\":\"WebPage\",\"@id\":\"https:\/\/www.wisco.es\/aleaciones-wisco\/bronces-al-aluminio\/\",\"url\":\"https:\/\/www.wisco.es\/aleaciones-wisco\/bronces-al-aluminio\/\",\"name\":\"Bronzes \u00e0 l\u2019aluminium. Bronzes CuAl10Fe5Ni5-C et CuAl10Fe2-C\",\"isPartOf\":{\"@id\":\"https:\/\/www.wisco.es\/#website\"},\"primaryImageOfPage\":{\"@id\":\"https:\/\/www.wisco.es\/aleaciones-wisco\/bronces-al-aluminio\/#primaryimage\"},\"image\":{\"@id\":\"https:\/\/www.wisco.es\/aleaciones-wisco\/bronces-al-aluminio\/#primaryimage\"},\"thumbnailUrl\":\"https:\/\/www.wisco.es\/wp-content\/uploads\/2016\/09\/Cabecera-Bronces-al-aluminio.jpg\",\"datePublished\":\"2016-09-15T09:04:06+00:00\",\"dateModified\":\"2018-02-06T16:49:01+00:00\",\"description\":\"Les bronzes \u00e0 l'aluminium fournissent une duret\u00e9 et une r\u00e9sistance \u00e0 la corrosion sup\u00e9rieures \u00e0 celles d'autres alliages de bronze.\",\"breadcrumb\":{\"@id\":\"https:\/\/www.wisco.es\/aleaciones-wisco\/bronces-al-aluminio\/#breadcrumb\"},\"inLanguage\":\"fr-FR\",\"potentialAction\":[{\"@type\":\"ReadAction\",\"target\":[\"https:\/\/www.wisco.es\/aleaciones-wisco\/bronces-al-aluminio\/\"]}]},{\"@type\":\"ImageObject\",\"inLanguage\":\"fr-FR\",\"@id\":\"https:\/\/www.wisco.es\/aleaciones-wisco\/bronces-al-aluminio\/#primaryimage\",\"url\":\"https:\/\/www.wisco.es\/wp-content\/uploads\/2016\/09\/Cabecera-Bronces-al-aluminio.jpg\",\"contentUrl\":\"https:\/\/www.wisco.es\/wp-content\/uploads\/2016\/09\/Cabecera-Bronces-al-aluminio.jpg\",\"width\":1400,\"height\":428},{\"@type\":\"BreadcrumbList\",\"@id\":\"https:\/\/www.wisco.es\/aleaciones-wisco\/bronces-al-aluminio\/#breadcrumb\",\"itemListElement\":[{\"@type\":\"ListItem\",\"position\":1,\"name\":\"Portada\",\"item\":\"https:\/\/www.wisco.es\/fr\/\"},{\"@type\":\"ListItem\",\"position\":2,\"name\":\"Alliages WISCO (EN 1982)\",\"item\":\"https:\/\/www.wisco.es\/aleaciones-wisco\/\"},{\"@type\":\"ListItem\",\"position\":3,\"name\":\"Bronzes \u00e0 l&#8217;aluminium\"}]},{\"@type\":\"WebSite\",\"@id\":\"https:\/\/www.wisco.es\/#website\",\"url\":\"https:\/\/www.wisco.es\/\",\"name\":\"Wisco\",\"description\":\"\",\"potentialAction\":[{\"@type\":\"SearchAction\",\"target\":{\"@type\":\"EntryPoint\",\"urlTemplate\":\"https:\/\/www.wisco.es\/?s={search_term_string}\"},\"query-input\":{\"@type\":\"PropertyValueSpecification\",\"valueRequired\":true,\"valueName\":\"search_term_string\"}}],\"inLanguage\":\"fr-FR\"}]}<\/script>\n<!-- \/ Yoast SEO plugin. -->","yoast_head_json":{"title":"Bronzes \u00e0 l\u2019aluminium. Bronzes CuAl10Fe5Ni5-C et CuAl10Fe2-C","description":"Les bronzes \u00e0 l'aluminium fournissent une duret\u00e9 et une r\u00e9sistance \u00e0 la corrosion sup\u00e9rieures \u00e0 celles d'autres alliages de bronze.","robots":{"index":"index","follow":"follow","max-snippet":"max-snippet:-1","max-image-preview":"max-image-preview:large","max-video-preview":"max-video-preview:-1"},"canonical":"https:\/\/www.wisco.es\/aleaciones-wisco\/bronces-al-aluminio\/","og_locale":"fr_FR","og_type":"article","og_title":"Bronzes \u00e0 l\u2019aluminium. Bronzes CuAl10Fe5Ni5-C et CuAl10Fe2-C","og_description":"Les bronzes \u00e0 l'aluminium fournissent une duret\u00e9 et une r\u00e9sistance \u00e0 la corrosion sup\u00e9rieures \u00e0 celles d'autres alliages de bronze.","og_url":"https:\/\/www.wisco.es\/aleaciones-wisco\/bronces-al-aluminio\/","og_site_name":"Wisco","article_modified_time":"2018-02-06T16:49:01+00:00","og_image":[{"width":1400,"height":428,"url":"https:\/\/www.wisco.es\/wp-content\/uploads\/2016\/09\/Cabecera-Bronces-al-aluminio.jpg","type":"image\/jpeg"}],"twitter_card":"summary_large_image","twitter_misc":{"Dur\u00e9e de lecture est.":"1 minute"},"schema":{"@context":"https:\/\/schema.org","@graph":[{"@type":"WebPage","@id":"https:\/\/www.wisco.es\/aleaciones-wisco\/bronces-al-aluminio\/","url":"https:\/\/www.wisco.es\/aleaciones-wisco\/bronces-al-aluminio\/","name":"Bronzes \u00e0 l\u2019aluminium. Bronzes CuAl10Fe5Ni5-C et CuAl10Fe2-C","isPartOf":{"@id":"https:\/\/www.wisco.es\/#website"},"primaryImageOfPage":{"@id":"https:\/\/www.wisco.es\/aleaciones-wisco\/bronces-al-aluminio\/#primaryimage"},"image":{"@id":"https:\/\/www.wisco.es\/aleaciones-wisco\/bronces-al-aluminio\/#primaryimage"},"thumbnailUrl":"https:\/\/www.wisco.es\/wp-content\/uploads\/2016\/09\/Cabecera-Bronces-al-aluminio.jpg","datePublished":"2016-09-15T09:04:06+00:00","dateModified":"2018-02-06T16:49:01+00:00","description":"Les bronzes \u00e0 l'aluminium fournissent une duret\u00e9 et une r\u00e9sistance \u00e0 la corrosion sup\u00e9rieures \u00e0 celles d'autres alliages de bronze.","breadcrumb":{"@id":"https:\/\/www.wisco.es\/aleaciones-wisco\/bronces-al-aluminio\/#breadcrumb"},"inLanguage":"fr-FR","potentialAction":[{"@type":"ReadAction","target":["https:\/\/www.wisco.es\/aleaciones-wisco\/bronces-al-aluminio\/"]}]},{"@type":"ImageObject","inLanguage":"fr-FR","@id":"https:\/\/www.wisco.es\/aleaciones-wisco\/bronces-al-aluminio\/#primaryimage","url":"https:\/\/www.wisco.es\/wp-content\/uploads\/2016\/09\/Cabecera-Bronces-al-aluminio.jpg","contentUrl":"https:\/\/www.wisco.es\/wp-content\/uploads\/2016\/09\/Cabecera-Bronces-al-aluminio.jpg","width":1400,"height":428},{"@type":"BreadcrumbList","@id":"https:\/\/www.wisco.es\/aleaciones-wisco\/bronces-al-aluminio\/#breadcrumb","itemListElement":[{"@type":"ListItem","position":1,"name":"Portada","item":"https:\/\/www.wisco.es\/fr\/"},{"@type":"ListItem","position":2,"name":"Alliages WISCO (EN 1982)","item":"https:\/\/www.wisco.es\/aleaciones-wisco\/"},{"@type":"ListItem","position":3,"name":"Bronzes \u00e0 l&#8217;aluminium"}]},{"@type":"WebSite","@id":"https:\/\/www.wisco.es\/#website","url":"https:\/\/www.wisco.es\/","name":"Wisco","description":"","potentialAction":[{"@type":"SearchAction","target":{"@type":"EntryPoint","urlTemplate":"https:\/\/www.wisco.es\/?s={search_term_string}"},"query-input":{"@type":"PropertyValueSpecification","valueRequired":true,"valueName":"search_term_string"}}],"inLanguage":"fr-FR"}]}},"_links":{"self":[{"href":"https:\/\/www.wisco.es\/fr\/wp-json\/wp\/v2\/pages\/1526","targetHints":{"allow":["GET"]}}],"collection":[{"href":"https:\/\/www.wisco.es\/fr\/wp-json\/wp\/v2\/pages"}],"about":[{"href":"https:\/\/www.wisco.es\/fr\/wp-json\/wp\/v2\/types\/page"}],"author":[{"embeddable":true,"href":"https:\/\/www.wisco.es\/fr\/wp-json\/wp\/v2\/users\/2"}],"replies":[{"embeddable":true,"href":"https:\/\/www.wisco.es\/fr\/wp-json\/wp\/v2\/comments?post=1526"}],"version-history":[{"count":0,"href":"https:\/\/www.wisco.es\/fr\/wp-json\/wp\/v2\/pages\/1526\/revisions"}],"up":[{"embeddable":true,"href":"https:\/\/www.wisco.es\/fr\/wp-json\/wp\/v2\/pages\/1604"}],"wp:featuredmedia":[{"embeddable":true,"href":"https:\/\/www.wisco.es\/fr\/wp-json\/wp\/v2\/media\/1527"}],"wp:attachment":[{"href":"https:\/\/www.wisco.es\/fr\/wp-json\/wp\/v2\/media?parent=1526"}],"curies":[{"name":"wp","href":"https:\/\/api.w.org\/{rel}","templated":true}]}}