{"id":1480,"date":"2016-09-16T08:54:37","date_gmt":"2016-09-16T06:54:37","guid":{"rendered":"http:\/\/wiscoes.wpengine.com\/fabricacion-de-piezas-de-bronce\/"},"modified":"2018-01-30T17:50:53","modified_gmt":"2018-01-30T16:50:53","slug":"fabrication-de-pieces-de-bronze","status":"publish","type":"page","link":"https:\/\/www.wisco.es\/fr\/lusine\/processus-de-fabrication\/fabrication-de-pieces-de-bronze\/","title":{"rendered":"Fabrication de pi\u00e8ces de bronze"},"content":{"rendered":"<div class=\"fusion-fullwidth fullwidth-box fusion-builder-row-1 nonhundred-percent-fullwidth non-hundred-percent-height-scrolling\" style=\"--awb-background-position:left top;--awb-border-radius-top-left:0px;--awb-border-radius-top-right:0px;--awb-border-radius-bottom-right:0px;--awb-border-radius-bottom-left:0px;--awb-padding-top:20px;--awb-padding-bottom:20px;--awb-border-sizes-top:0px;--awb-border-sizes-bottom:0px;--awb-flex-wrap:wrap;\" ><div class=\"fusion-builder-row fusion-row\"><div class=\"fusion-layout-column fusion_builder_column fusion-builder-column-0 fusion_builder_column_2_3 2_3 fusion-two-third fusion-column-first\" style=\"--awb-bg-size:cover;width:65.3333%; margin-right: 4%;\"><div class=\"fusion-column-wrapper fusion-flex-column-wrapper-legacy\"><div class=\"fusion-text fusion-text-1\"><p>Comme membre du Groupe Wisco, Mecauto offre une production int\u00e9gr\u00e9e, de la mati\u00e8re premi\u00e8re et la fonte au produit final, ce qui nous permet d&rsquo;avoir le contr\u00f4le maximum de tout le processus et de la certification.<\/p>\n<\/div><div class=\"fusion-content-boxes content-boxes columns row fusion-columns-5 fusion-columns-total-5 fusion-content-boxes-1 content-boxes-timeline-horizontal content-left content-boxes-icon-on-top content-boxes-timeline-layout grafico-fabricacion fusion-delayed-animation\" style=\"--awb-margin-top:60px;--awb-margin-bottom:20px;--awb-hover-accent-color:#a0ce4e;--awb-circle-hover-accent-color:#a0ce4e;\" data-animation-delay=\"350\" data-animationOffset=\"top-into-view\"><div style=\"--awb-backgroundcolor:rgba(255,255,255,0);\" class=\"fusion-column content-box-column content-box-column-1 col-lg-2 col-md-2 col-sm-2 fusion-content-box-hover content-box-column-first-in-row\"><div class=\"col content-box-wrapper content-wrapper link-area-link-icon icon-hover-animation-fade fusion-animated\" data-animationType=\"fadeIn\" data-animationDuration=\"0.25\" data-animationOffset=\"top-into-view\"><div class=\"fusion-clearfix\"><\/div><div class=\"content-container\">Mati\u00e8re premi\u00e8re<\/div><\/div><\/div><div style=\"--awb-backgroundcolor:rgba(255,255,255,0);\" class=\"fusion-column content-box-column content-box-column-2 col-lg-2 col-md-2 col-sm-2 fusion-content-box-hover \"><div class=\"col content-box-wrapper content-wrapper link-area-link-icon icon-hover-animation-fade fusion-animated\" data-animationType=\"fadeIn\" data-animationDuration=\"0.25\" data-animationOffset=\"top-into-view\"><div class=\"fusion-clearfix\"><\/div><div class=\"content-container\">Fonderie<\/div><\/div><\/div><div style=\"--awb-backgroundcolor:rgba(255,255,255,0);\" class=\"fusion-column content-box-column content-box-column-3 col-lg-2 col-md-2 col-sm-2 fusion-content-box-hover \"><div class=\"col content-box-wrapper content-wrapper link-area-link-icon icon-hover-animation-fade fusion-animated\" data-animationType=\"fadeIn\" data-animationDuration=\"0.25\" data-animationOffset=\"top-into-view\"><div class=\"fusion-clearfix\"><\/div><div class=\"content-container\">Usinage<\/div><\/div><\/div><div style=\"--awb-backgroundcolor:rgba(255,255,255,0);\" class=\"fusion-column content-box-column content-box-column-4 col-lg-2 col-md-2 col-sm-2 fusion-content-box-hover \"><div class=\"col content-box-wrapper content-wrapper link-area-link-icon icon-hover-animation-fade fusion-animated\" data-animationType=\"fadeIn\" data-animationDuration=\"0.25\" data-animationOffset=\"top-into-view\"><div class=\"fusion-clearfix\"><\/div><div class=\"content-container\">Inspection<\/div><\/div><\/div><div style=\"--awb-backgroundcolor:rgba(255,255,255,0);\" class=\"fusion-column content-box-column content-box-column-5 col-lg-2 col-md-2 col-sm-2 fusion-content-box-hover content-box-column-last content-box-column-last-in-row\"><div class=\"col content-box-wrapper content-wrapper link-area-link-icon icon-hover-animation-fade fusion-animated\" data-animationType=\"fadeIn\" data-animationDuration=\"0.25\" data-animationOffset=\"top-into-view\"><div class=\"fusion-clearfix\"><\/div><div class=\"content-container\">Client<\/div><\/div><\/div><div class=\"fusion-clearfix\"><\/div><\/div><div class=\"fusion-title title fusion-title-1 fusion-sep-none fusion-title-center fusion-title-text fusion-title-size-three\" style=\"--awb-margin-bottom:5px;\"><h3 class=\"fusion-title-heading title-heading-center fusion-responsive-typography-calculated\" style=\"margin:0;--fontSize:22;--minFontSize:22;line-height:1.5;\">PROCESSUS COMPLET INT\u00c9GR\u00c9<\/h3><\/div><div class=\"fusion-title title fusion-title-2 fusion-sep-none fusion-title-center fusion-title-text fusion-title-size-three\" style=\"--awb-margin-bottom:10px;\"><h3 class=\"fusion-title-heading title-heading-center fusion-responsive-typography-calculated\" style=\"margin:0;--fontSize:22;--minFontSize:22;line-height:1.5;\">TRA\u00c7ABILIT\u00c9 ET QUALIT\u00c9 ASSUR\u00c9ES<\/h3><\/div><div class=\"fusion-title title fusion-title-3 fusion-sep-none fusion-title-center fusion-title-text fusion-title-size-four\" style=\"--awb-margin-top:10px;--awb-margin-bottom:45px;\"><h4 class=\"fusion-title-heading title-heading-center fusion-responsive-typography-calculated\" style=\"margin:0;--fontSize:18;--minFontSize:18;line-height:1.5;\">Pi\u00e8ces fabriqu\u00e9es avec des bronzes de la fonderie de WISCO<\/h4><\/div><div class=\"fusion-text fusion-text-2\"><p>\u00c0 Mecauto, nous sommes souples pour nous adapter aux besoins de la commande du client, tant sur le produit et les solutions techniques que sur les besoins de fourniture et les accords de prix et moyens de paiement.<\/p>\n<p><strong>MECAUTO<\/strong> fabrique <strong>des produits usin\u00e9s selon le plan du client\u00a0<\/strong>ou con\u00e7us par MECAUTO en fonction des conditions de travail fournies par le client. Nous disposons pour ce faire d&rsquo;un D\u00e9partement technique hautement qualifi\u00e9 qui nous permet de conseiller nos clients et de r\u00e9soudre leurs probl\u00e8mes techniques.<\/p>\n<p><strong>MECAUTO<\/strong> a int\u00e9gr\u00e9 tout au long de son histoire divers moyens de production comme les tours \u00e0 commande num\u00e9rique, les centres d&rsquo;usinage, ainsi que les \u00e9quipements de v\u00e9rification et de contr\u00f4le les plus modernes.<\/p>\n<p><strong>MECAUTO<\/strong> a parmi ses objectifs strat\u00e9giques l&rsquo;adaptation de ses produits aux besoins de ses clients et dispose d&rsquo;une capacit\u00e9 de production souple pour fournir des pi\u00e8ces unitaires et des s\u00e9ries dans des d\u00e9lais r\u00e9duits.<\/p>\n<h4 class=\"linea-inferior\">Production int\u00e9gr\u00e9e<\/h4>\n<ul class=\"arrow-right\">\n<li>Pi\u00e8ces en bronze selon le plan du client<\/li>\n<li>Solutions de friction pour les conditions de travail fournies par le client<\/li>\n<li>Des processus de fabrication, de v\u00e9rification et de contr\u00f4le modernes.<\/li>\n<li>Flexibilit\u00e9<\/li>\n<\/ul>\n<h4 class=\"linea-inferior\">Fabricant de pi\u00e8ces en bronze et bronze autolubrifi\u00e9 comme:<\/h4>\n<ul class=\"arrow-right\">\n<li>\u00c9bauches lisses<\/li>\n<li>\u00c9bauche avec Valona<\/li>\n<li>Rondelles<\/li>\n<li>Plaques<\/li>\n<li>Bagues<\/li>\n<li>Autres<\/li>\n<\/ul>\n<p>Pour plus d&rsquo;informations :<\/p>\n<p><a href=\"http:\/\/www.mecauto.es\" target=\"_blank\" rel=\"noopener noreferrer\"> <img decoding=\"async\" class=\"size-full wp-image-487 alignnone\" src=\"\/wp-content\/uploads\/2016\/09\/logo_mecauto.gif\" alt=\"logo_mecauto\" width=\"111\" height=\"116\" \/><\/a><\/p>\n<p><a class=\"btn\" href=\"http:\/\/www.mecauto.es\/index.php\/fr\" target=\"_blank\" rel=\"noopener noreferrer\">mecauto.es<\/a><\/p>\n<\/div><div class=\"fusion-clearfix\"><\/div><\/div><\/div><div class=\"fusion-layout-column fusion_builder_column fusion-builder-column-1 fusion_builder_column_1_3 1_3 fusion-one-third fusion-column-last\" style=\"--awb-bg-size:cover;width:30.6666%;\"><div class=\"fusion-column-wrapper fusion-flex-column-wrapper-legacy\"><div class=\"fusion-image-element fusion-image-align-center in-legacy-container\" style=\"text-align:center;--awb-caption-title-font-family:var(--h2_typography-font-family);--awb-caption-title-font-weight:var(--h2_typography-font-weight);--awb-caption-title-font-style:var(--h2_typography-font-style);--awb-caption-title-size:var(--h2_typography-font-size);--awb-caption-title-transform:var(--h2_typography-text-transform);--awb-caption-title-line-height:var(--h2_typography-line-height);--awb-caption-title-letter-spacing:var(--h2_typography-letter-spacing);\"><div class=\"imageframe-align-center\"><span class=\" fusion-imageframe imageframe-none imageframe-1 hover-type-none\"><a class=\"fusion-no-lightbox\" href=\"http:\/\/www.mecauto.es\/\" target=\"_blank\" rel=\"noopener noreferrer\"><img decoding=\"async\" src=\"\/wp-content\/uploads\/2016\/09\/logo_mecauto.gif\" alt class=\"img-responsive\"\/><\/a><\/span><\/div><\/div><div class=\"fusion-title title fusion-title-4 fusion-sep-none fusion-title-text fusion-title-size-two\" style=\"--awb-margin-top:15px;\"><h2 class=\"fusion-title-heading title-heading-left fusion-responsive-typography-calculated\" style=\"margin:0;--fontSize:24;line-height:1.5;\">Fabricant de pi\u00e8ces en bronze et bronze autolubrifi\u00e9 comme :<\/h2><\/div><div class=\"fusion-text fusion-text-3\"><ul class=\"arrow-right\">\n<li>\u00c9bauches lisses<\/li>\n<li>\u00c9bauche avec Valona<\/li>\n<li>Rondelles<\/li>\n<li>Plaques<\/li>\n<li>Bagues<\/li>\n<li>Autres<\/li>\n<\/ul>\n<\/div><div class=\"fusion-image-element in-legacy-container\" style=\"--awb-caption-title-font-family:var(--h2_typography-font-family);--awb-caption-title-font-weight:var(--h2_typography-font-weight);--awb-caption-title-font-style:var(--h2_typography-font-style);--awb-caption-title-size:var(--h2_typography-font-size);--awb-caption-title-transform:var(--h2_typography-text-transform);--awb-caption-title-line-height:var(--h2_typography-line-height);--awb-caption-title-letter-spacing:var(--h2_typography-letter-spacing);\"><span class=\" fusion-imageframe imageframe-none imageframe-2 hover-type-none\"><img decoding=\"async\" src=\"\/wp-content\/uploads\/2016\/09\/Fabricacion-de-piezas-bronce.jpg\" alt class=\"img-responsive\"\/><\/span><\/div><div class=\"fusion-clearfix\"><\/div><\/div><\/div><\/div><\/div>\n","protected":false},"excerpt":{"rendered":"","protected":false},"author":2,"featured_media":1481,"parent":1556,"menu_order":4,"comment_status":"closed","ping_status":"closed","template":"100-width.php","meta":{"footnotes":""},"class_list":["post-1480","page","type-page","status-publish","has-post-thumbnail","hentry"],"yoast_head":"<!-- This site is optimized with the Yoast SEO plugin v23.7 - https:\/\/yoast.com\/wordpress\/plugins\/seo\/ -->\n<title>fabrication de pi\u00e8ces de bronze et bronze autolubrifi\u00e9 sur plan. Mecauto<\/title>\n<meta name=\"description\" content=\"MECAUTO sp\u00e9cialis\u00e9 dans fabrication de pi\u00e8ces de bronze et bronze autolubrifi\u00e9 sur plan. Des processus de fabrication et de contr\u00f4le modernes.\" \/>\n<meta name=\"robots\" content=\"index, follow, max-snippet:-1, max-image-preview:large, max-video-preview:-1\" \/>\n<link rel=\"canonical\" href=\"https:\/\/www.wisco.es\/la-fabrica\/procesos-de-fabricacion\/fabricacion-de-piezas-de-bronce\/\" \/>\n<meta property=\"og:locale\" content=\"fr_FR\" \/>\n<meta property=\"og:type\" content=\"article\" \/>\n<meta property=\"og:title\" content=\"fabrication de pi\u00e8ces de bronze et bronze autolubrifi\u00e9 sur plan. Mecauto\" \/>\n<meta property=\"og:description\" content=\"MECAUTO sp\u00e9cialis\u00e9 dans fabrication de pi\u00e8ces de bronze et bronze autolubrifi\u00e9 sur plan. Des processus de fabrication et de contr\u00f4le modernes.\" \/>\n<meta property=\"og:url\" content=\"https:\/\/www.wisco.es\/la-fabrica\/procesos-de-fabricacion\/fabricacion-de-piezas-de-bronce\/\" \/>\n<meta property=\"og:site_name\" content=\"Wisco\" \/>\n<meta property=\"article:modified_time\" content=\"2018-01-30T16:50:53+00:00\" \/>\n<meta property=\"og:image\" content=\"https:\/\/www.wisco.es\/wp-content\/uploads\/2016\/09\/fabricacion-de-piezas.jpg\" \/>\n\t<meta property=\"og:image:width\" content=\"800\" \/>\n\t<meta property=\"og:image:height\" content=\"528\" \/>\n\t<meta property=\"og:image:type\" content=\"image\/jpeg\" \/>\n<meta name=\"twitter:card\" content=\"summary_large_image\" \/>\n<meta name=\"twitter:label1\" content=\"Dur\u00e9e de lecture est.\" \/>\n\t<meta name=\"twitter:data1\" content=\"5 minutes\" \/>\n<script type=\"application\/ld+json\" class=\"yoast-schema-graph\">{\"@context\":\"https:\/\/schema.org\",\"@graph\":[{\"@type\":\"WebPage\",\"@id\":\"https:\/\/www.wisco.es\/la-fabrica\/procesos-de-fabricacion\/fabricacion-de-piezas-de-bronce\/\",\"url\":\"https:\/\/www.wisco.es\/la-fabrica\/procesos-de-fabricacion\/fabricacion-de-piezas-de-bronce\/\",\"name\":\"fabrication de pi\u00e8ces de bronze et bronze autolubrifi\u00e9 sur plan. Mecauto\",\"isPartOf\":{\"@id\":\"https:\/\/www.wisco.es\/#website\"},\"primaryImageOfPage\":{\"@id\":\"https:\/\/www.wisco.es\/la-fabrica\/procesos-de-fabricacion\/fabricacion-de-piezas-de-bronce\/#primaryimage\"},\"image\":{\"@id\":\"https:\/\/www.wisco.es\/la-fabrica\/procesos-de-fabricacion\/fabricacion-de-piezas-de-bronce\/#primaryimage\"},\"thumbnailUrl\":\"https:\/\/www.wisco.es\/wp-content\/uploads\/2016\/09\/fabricacion-de-piezas.jpg\",\"datePublished\":\"2016-09-16T06:54:37+00:00\",\"dateModified\":\"2018-01-30T16:50:53+00:00\",\"description\":\"MECAUTO sp\u00e9cialis\u00e9 dans fabrication de pi\u00e8ces de bronze et bronze autolubrifi\u00e9 sur plan. Des processus de fabrication et de contr\u00f4le modernes.\",\"breadcrumb\":{\"@id\":\"https:\/\/www.wisco.es\/la-fabrica\/procesos-de-fabricacion\/fabricacion-de-piezas-de-bronce\/#breadcrumb\"},\"inLanguage\":\"fr-FR\",\"potentialAction\":[{\"@type\":\"ReadAction\",\"target\":[\"https:\/\/www.wisco.es\/la-fabrica\/procesos-de-fabricacion\/fabricacion-de-piezas-de-bronce\/\"]}]},{\"@type\":\"ImageObject\",\"inLanguage\":\"fr-FR\",\"@id\":\"https:\/\/www.wisco.es\/la-fabrica\/procesos-de-fabricacion\/fabricacion-de-piezas-de-bronce\/#primaryimage\",\"url\":\"https:\/\/www.wisco.es\/wp-content\/uploads\/2016\/09\/fabricacion-de-piezas.jpg\",\"contentUrl\":\"https:\/\/www.wisco.es\/wp-content\/uploads\/2016\/09\/fabricacion-de-piezas.jpg\",\"width\":800,\"height\":528},{\"@type\":\"BreadcrumbList\",\"@id\":\"https:\/\/www.wisco.es\/la-fabrica\/procesos-de-fabricacion\/fabricacion-de-piezas-de-bronce\/#breadcrumb\",\"itemListElement\":[{\"@type\":\"ListItem\",\"position\":1,\"name\":\"Portada\",\"item\":\"https:\/\/www.wisco.es\/fr\/\"},{\"@type\":\"ListItem\",\"position\":2,\"name\":\"L&#8217;usine\",\"item\":\"https:\/\/www.wisco.es\/la-fabrica\/\"},{\"@type\":\"ListItem\",\"position\":3,\"name\":\"Processus de fabrication\",\"item\":\"https:\/\/www.wisco.es\/la-fabrica\/procesos-de-fabricacion\/\"},{\"@type\":\"ListItem\",\"position\":4,\"name\":\"Fabrication de pi\u00e8ces de bronze\"}]},{\"@type\":\"WebSite\",\"@id\":\"https:\/\/www.wisco.es\/#website\",\"url\":\"https:\/\/www.wisco.es\/\",\"name\":\"Wisco\",\"description\":\"\",\"potentialAction\":[{\"@type\":\"SearchAction\",\"target\":{\"@type\":\"EntryPoint\",\"urlTemplate\":\"https:\/\/www.wisco.es\/?s={search_term_string}\"},\"query-input\":{\"@type\":\"PropertyValueSpecification\",\"valueRequired\":true,\"valueName\":\"search_term_string\"}}],\"inLanguage\":\"fr-FR\"}]}<\/script>\n<!-- \/ Yoast SEO plugin. -->","yoast_head_json":{"title":"fabrication de pi\u00e8ces de bronze et bronze autolubrifi\u00e9 sur plan. Mecauto","description":"MECAUTO sp\u00e9cialis\u00e9 dans fabrication de pi\u00e8ces de bronze et bronze autolubrifi\u00e9 sur plan. Des processus de fabrication et de contr\u00f4le modernes.","robots":{"index":"index","follow":"follow","max-snippet":"max-snippet:-1","max-image-preview":"max-image-preview:large","max-video-preview":"max-video-preview:-1"},"canonical":"https:\/\/www.wisco.es\/la-fabrica\/procesos-de-fabricacion\/fabricacion-de-piezas-de-bronce\/","og_locale":"fr_FR","og_type":"article","og_title":"fabrication de pi\u00e8ces de bronze et bronze autolubrifi\u00e9 sur plan. Mecauto","og_description":"MECAUTO sp\u00e9cialis\u00e9 dans fabrication de pi\u00e8ces de bronze et bronze autolubrifi\u00e9 sur plan. Des processus de fabrication et de contr\u00f4le modernes.","og_url":"https:\/\/www.wisco.es\/la-fabrica\/procesos-de-fabricacion\/fabricacion-de-piezas-de-bronce\/","og_site_name":"Wisco","article_modified_time":"2018-01-30T16:50:53+00:00","og_image":[{"width":800,"height":528,"url":"https:\/\/www.wisco.es\/wp-content\/uploads\/2016\/09\/fabricacion-de-piezas.jpg","type":"image\/jpeg"}],"twitter_card":"summary_large_image","twitter_misc":{"Dur\u00e9e de lecture est.":"5 minutes"},"schema":{"@context":"https:\/\/schema.org","@graph":[{"@type":"WebPage","@id":"https:\/\/www.wisco.es\/la-fabrica\/procesos-de-fabricacion\/fabricacion-de-piezas-de-bronce\/","url":"https:\/\/www.wisco.es\/la-fabrica\/procesos-de-fabricacion\/fabricacion-de-piezas-de-bronce\/","name":"fabrication de pi\u00e8ces de bronze et bronze autolubrifi\u00e9 sur plan. Mecauto","isPartOf":{"@id":"https:\/\/www.wisco.es\/#website"},"primaryImageOfPage":{"@id":"https:\/\/www.wisco.es\/la-fabrica\/procesos-de-fabricacion\/fabricacion-de-piezas-de-bronce\/#primaryimage"},"image":{"@id":"https:\/\/www.wisco.es\/la-fabrica\/procesos-de-fabricacion\/fabricacion-de-piezas-de-bronce\/#primaryimage"},"thumbnailUrl":"https:\/\/www.wisco.es\/wp-content\/uploads\/2016\/09\/fabricacion-de-piezas.jpg","datePublished":"2016-09-16T06:54:37+00:00","dateModified":"2018-01-30T16:50:53+00:00","description":"MECAUTO sp\u00e9cialis\u00e9 dans fabrication de pi\u00e8ces de bronze et bronze autolubrifi\u00e9 sur plan. Des processus de fabrication et de contr\u00f4le modernes.","breadcrumb":{"@id":"https:\/\/www.wisco.es\/la-fabrica\/procesos-de-fabricacion\/fabricacion-de-piezas-de-bronce\/#breadcrumb"},"inLanguage":"fr-FR","potentialAction":[{"@type":"ReadAction","target":["https:\/\/www.wisco.es\/la-fabrica\/procesos-de-fabricacion\/fabricacion-de-piezas-de-bronce\/"]}]},{"@type":"ImageObject","inLanguage":"fr-FR","@id":"https:\/\/www.wisco.es\/la-fabrica\/procesos-de-fabricacion\/fabricacion-de-piezas-de-bronce\/#primaryimage","url":"https:\/\/www.wisco.es\/wp-content\/uploads\/2016\/09\/fabricacion-de-piezas.jpg","contentUrl":"https:\/\/www.wisco.es\/wp-content\/uploads\/2016\/09\/fabricacion-de-piezas.jpg","width":800,"height":528},{"@type":"BreadcrumbList","@id":"https:\/\/www.wisco.es\/la-fabrica\/procesos-de-fabricacion\/fabricacion-de-piezas-de-bronce\/#breadcrumb","itemListElement":[{"@type":"ListItem","position":1,"name":"Portada","item":"https:\/\/www.wisco.es\/fr\/"},{"@type":"ListItem","position":2,"name":"L&#8217;usine","item":"https:\/\/www.wisco.es\/la-fabrica\/"},{"@type":"ListItem","position":3,"name":"Processus de fabrication","item":"https:\/\/www.wisco.es\/la-fabrica\/procesos-de-fabricacion\/"},{"@type":"ListItem","position":4,"name":"Fabrication de pi\u00e8ces de bronze"}]},{"@type":"WebSite","@id":"https:\/\/www.wisco.es\/#website","url":"https:\/\/www.wisco.es\/","name":"Wisco","description":"","potentialAction":[{"@type":"SearchAction","target":{"@type":"EntryPoint","urlTemplate":"https:\/\/www.wisco.es\/?s={search_term_string}"},"query-input":{"@type":"PropertyValueSpecification","valueRequired":true,"valueName":"search_term_string"}}],"inLanguage":"fr-FR"}]}},"_links":{"self":[{"href":"https:\/\/www.wisco.es\/fr\/wp-json\/wp\/v2\/pages\/1480","targetHints":{"allow":["GET"]}}],"collection":[{"href":"https:\/\/www.wisco.es\/fr\/wp-json\/wp\/v2\/pages"}],"about":[{"href":"https:\/\/www.wisco.es\/fr\/wp-json\/wp\/v2\/types\/page"}],"author":[{"embeddable":true,"href":"https:\/\/www.wisco.es\/fr\/wp-json\/wp\/v2\/users\/2"}],"replies":[{"embeddable":true,"href":"https:\/\/www.wisco.es\/fr\/wp-json\/wp\/v2\/comments?post=1480"}],"version-history":[{"count":0,"href":"https:\/\/www.wisco.es\/fr\/wp-json\/wp\/v2\/pages\/1480\/revisions"}],"up":[{"embeddable":true,"href":"https:\/\/www.wisco.es\/fr\/wp-json\/wp\/v2\/pages\/1556"}],"wp:featuredmedia":[{"embeddable":true,"href":"https:\/\/www.wisco.es\/fr\/wp-json\/wp\/v2\/media\/1481"}],"wp:attachment":[{"href":"https:\/\/www.wisco.es\/fr\/wp-json\/wp\/v2\/media?parent=1480"}],"curies":[{"name":"wp","href":"https:\/\/api.w.org\/{rel}","templated":true}]}}