{"id":1466,"date":"2016-09-19T12:48:54","date_gmt":"2016-09-19T10:48:54","guid":{"rendered":"http:\/\/wiscoes.wpengine.com\/trabaje-con-nosotros\/"},"modified":"2017-08-30T11:06:55","modified_gmt":"2017-08-30T09:06:55","slug":"travaillez-avec-nous","status":"publish","type":"page","link":"https:\/\/www.wisco.es\/fr\/lusine\/a-propos-de-nous\/travaillez-avec-nous\/","title":{"rendered":"Travaillez avec nous"},"content":{"rendered":"<div class=\"fusion-fullwidth fullwidth-box fusion-builder-row-1 nonhundred-percent-fullwidth non-hundred-percent-height-scrolling\" style=\"--awb-background-position:left top;--awb-border-radius-top-left:0px;--awb-border-radius-top-right:0px;--awb-border-radius-bottom-right:0px;--awb-border-radius-bottom-left:0px;--awb-padding-top:20px;--awb-padding-bottom:20px;--awb-border-sizes-top:0px;--awb-border-sizes-bottom:0px;--awb-flex-wrap:wrap;\" ><div class=\"fusion-builder-row fusion-row\"><div class=\"fusion-layout-column fusion_builder_column fusion-builder-column-0 fusion_builder_column_1_5 1_5 fusion-one-fifth fusion-column-first\" style=\"--awb-bg-size:cover;\"><div class=\"fusion-column-wrapper fusion-flex-column-wrapper-legacy\"><div class=\"fusion-clearfix\"><\/div><\/div><\/div><div class=\"fusion-layout-column fusion_builder_column fusion-builder-column-1 fusion_builder_column_3_5 3_5 fusion-three-fifth\" style=\"--awb-padding-top:0px;--awb-padding-right:0px;--awb-padding-bottom:0px;--awb-padding-left:30px;--awb-bg-size:cover;width:58.4%; margin-right: 4%;\"><div class=\"fusion-column-wrapper fusion-flex-column-wrapper-legacy\"><div class=\"fusion-text fusion-text-1\">\n<div class=\"wpcf7 no-js\" id=\"wpcf7-f1871-o1\" lang=\"es-ES\" dir=\"ltr\">\n<div class=\"screen-reader-response\"><p role=\"status\" aria-live=\"polite\" aria-atomic=\"true\"><\/p> <ul><\/ul><\/div>\n<form action=\"\/fr\/wp-json\/wp\/v2\/pages\/1466#wpcf7-f1871-o1\" method=\"post\" class=\"wpcf7-form init\" aria-label=\"Contact form\" enctype=\"multipart\/form-data\" novalidate=\"novalidate\" data-status=\"init\">\n<div style=\"display: none;\">\n<input type=\"hidden\" name=\"_wpcf7\" value=\"1871\" \/>\n<input type=\"hidden\" name=\"_wpcf7_version\" value=\"5.9.8\" \/>\n<input type=\"hidden\" name=\"_wpcf7_locale\" value=\"es_ES\" \/>\n<input type=\"hidden\" name=\"_wpcf7_unit_tag\" value=\"wpcf7-f1871-o1\" \/>\n<input type=\"hidden\" name=\"_wpcf7_container_post\" value=\"0\" \/>\n<input type=\"hidden\" name=\"_wpcf7_posted_data_hash\" value=\"\" \/>\n<input type=\"hidden\" name=\"_wpcf7_recaptcha_response\" value=\"\" \/>\n<\/div>\n<div class=\"row\">\n\t<div class=\"col-md-6\">\n\t\t<p>Nom *\n\t\t<\/p>\n\t\t<p><span class=\"wpcf7-form-control-wrap\" data-name=\"your-name\"><input size=\"40\" maxlength=\"400\" class=\"wpcf7-form-control wpcf7-text wpcf7-validates-as-required\" aria-required=\"true\" aria-invalid=\"false\" value=\"\" type=\"text\" name=\"your-name\" \/><\/span>\n\t\t<\/p>\n\t<\/div>\n\t<div class=\"col-md-6\">\n\t\t<p>Pr\u00e9nom *\n\t\t<\/p>\n\t\t<p><span class=\"wpcf7-form-control-wrap\" data-name=\"your-surname\"><input size=\"40\" maxlength=\"400\" class=\"wpcf7-form-control wpcf7-text wpcf7-validates-as-required\" aria-required=\"true\" aria-invalid=\"false\" value=\"\" type=\"text\" name=\"your-surname\" \/><\/span>\n\t\t<\/p>\n\t<\/div>\n\t<div class=\"col-md-12\">\n\t\t<p>E-mail *\n\t\t<\/p>\n\t\t<p><span class=\"wpcf7-form-control-wrap\" data-name=\"your-email\"><input size=\"40\" maxlength=\"400\" class=\"wpcf7-form-control wpcf7-email wpcf7-validates-as-required wpcf7-text wpcf7-validates-as-email\" aria-required=\"true\" aria-invalid=\"false\" value=\"\" type=\"email\" name=\"your-email\" \/><\/span>\n\t\t<\/p>\n\t<\/div>\n\t<div class=\"col-md-12\">\n\t\t<p>T\u00e9l\u00e9phone\n\t\t<\/p>\n\t\t<p><span class=\"wpcf7-form-control-wrap\" data-name=\"your-phone\"><input size=\"40\" maxlength=\"400\" class=\"wpcf7-form-control wpcf7-tel wpcf7-text wpcf7-validates-as-tel\" aria-invalid=\"false\" value=\"\" type=\"tel\" name=\"your-phone\" \/><\/span>\n\t\t<\/p>\n\t<\/div>\n\t<div class=\"col-md-12\">\n\t\t<p>Lettre de pr\u00e9sentation\n\t\t<\/p>\n\t\t<p><span class=\"wpcf7-form-control-wrap\" data-name=\"carta\"><textarea cols=\"40\" rows=\"10\" maxlength=\"2000\" class=\"wpcf7-form-control wpcf7-textarea\" aria-invalid=\"false\" name=\"carta\"><\/textarea><\/span>\n\t\t<\/p>\n\t<\/div>\n\t<div class=\"col-md-12\">\n\t\t<p>Curr\u00edculum Vitae *\n\t\t<\/p>\n\t\t<p><span class=\"wpcf7-form-control-wrap\" data-name=\"your-file\"><input size=\"40\" class=\"wpcf7-form-control wpcf7-file wpcf7-validates-as-required\" accept=\".pdf,.docx,.doc\" aria-required=\"true\" aria-invalid=\"false\" type=\"file\" name=\"your-file\" \/><\/span>\n\t\t<\/p>\n\t<\/div>\n\t<div class=\"col-md-12\">\n\t\t<p><span class=\"wpcf7-form-control-wrap\" data-name=\"acceptance-100\"><span class=\"wpcf7-form-control wpcf7-acceptance\"><span class=\"wpcf7-list-item\"><input type=\"checkbox\" name=\"acceptance-100\" value=\"1\" checked=\"checked\" aria-invalid=\"false\" \/><\/span><\/span><\/span> Vous confirmez que vous \u00eates majeur et vous consentez au traitement de vos donn\u00e9es personnelles par Wisco Espa\u00f1ola, S.A. pour la r\u00e9ception de communications commerciales et de courtoisie en relation avec notre entit\u00e9 selon \u00e9tablit par notre <a href=\"\/fr\/conditions-dutilisation\/\">Conditions d'utilisation<\/a>.\n\t\t<\/p>\n\t\t<p><input class=\"wpcf7-form-control wpcf7-submit has-spinner\" type=\"submit\" value=\"ENVOYER\" \/>\n\t\t<\/p>\n\t<\/div>\n<\/div><p style=\"display: none !important;\" class=\"akismet-fields-container\" data-prefix=\"_wpcf7_ak_\"><label>&#916;<textarea name=\"_wpcf7_ak_hp_textarea\" cols=\"45\" rows=\"8\" maxlength=\"100\"><\/textarea><\/label><input type=\"hidden\" id=\"ak_js_1\" name=\"_wpcf7_ak_js\" value=\"43\"\/><script>document.getElementById( \"ak_js_1\" ).setAttribute( \"value\", ( new Date() ).getTime() );<\/script><\/p><div class=\"fusion-alert alert custom alert-custom fusion-alert-center wpcf7-response-output fusion-alert-capitalize awb-alert-native-link-color alert-dismissable awb-alert-close-boxed\" style=\"--awb-border-top-left-radius:0px;--awb-border-top-right-radius:0px;--awb-border-bottom-left-radius:0px;--awb-border-bottom-right-radius:0px;\" role=\"alert\"><div class=\"fusion-alert-content-wrapper\"><span class=\"fusion-alert-content\"><\/span><\/div><button type=\"button\" class=\"close toggle-alert\" data-dismiss=\"alert\" aria-label=\"Close\">&times;<\/button><\/div>\n<\/form>\n<\/div>\n\n<\/div><div class=\"fusion-clearfix\"><\/div><\/div><\/div><div class=\"fusion-layout-column fusion_builder_column fusion-builder-column-2 fusion_builder_column_1_5 1_5 fusion-one-fifth fusion-column-last\" style=\"--awb-bg-size:cover;\"><div class=\"fusion-column-wrapper fusion-flex-column-wrapper-legacy\"><div class=\"fusion-clearfix\"><\/div><\/div><\/div><\/div><\/div>\n","protected":false},"excerpt":{"rendered":"","protected":false},"author":2,"featured_media":0,"parent":1590,"menu_order":0,"comment_status":"closed","ping_status":"closed","template":"","meta":{"footnotes":""},"class_list":["post-1466","page","type-page","status-publish","hentry"],"yoast_head":"<!-- This site is optimized with the Yoast SEO plugin v23.7 - https:\/\/yoast.com\/wordpress\/plugins\/seo\/ -->\n<title>Travaillez avec nous - Wisco<\/title>\n<meta name=\"description\" content=\"Si vous souhaitez travailler avec nous, envoyez-nous le formulaire suivant, nous vous r\u00e9pondrons d\u00e8s que possible.\" \/>\n<meta name=\"robots\" content=\"index, follow, max-snippet:-1, max-image-preview:large, max-video-preview:-1\" \/>\n<link rel=\"canonical\" href=\"https:\/\/www.wisco.es\/fr\/lusine\/a-propos-de-nous\/travaillez-avec-nous\/\" \/>\n<meta property=\"og:locale\" content=\"fr_FR\" \/>\n<meta property=\"og:type\" content=\"article\" \/>\n<meta property=\"og:title\" content=\"Travaillez avec nous - Wisco\" \/>\n<meta property=\"og:description\" content=\"Si vous souhaitez travailler avec nous, envoyez-nous le formulaire suivant, nous vous r\u00e9pondrons d\u00e8s que possible.\" \/>\n<meta property=\"og:url\" content=\"https:\/\/www.wisco.es\/fr\/lusine\/a-propos-de-nous\/travaillez-avec-nous\/\" \/>\n<meta property=\"og:site_name\" content=\"Wisco\" \/>\n<meta property=\"article:modified_time\" content=\"2017-08-30T09:06:55+00:00\" \/>\n<meta name=\"twitter:card\" content=\"summary_large_image\" \/>\n<meta name=\"twitter:label1\" content=\"Dur\u00e9e de lecture est.\" \/>\n\t<meta name=\"twitter:data1\" content=\"1 minute\" \/>\n<script type=\"application\/ld+json\" class=\"yoast-schema-graph\">{\"@context\":\"https:\/\/schema.org\",\"@graph\":[{\"@type\":\"WebPage\",\"@id\":\"https:\/\/www.wisco.es\/fr\/lusine\/a-propos-de-nous\/travaillez-avec-nous\/\",\"url\":\"https:\/\/www.wisco.es\/fr\/lusine\/a-propos-de-nous\/travaillez-avec-nous\/\",\"name\":\"Travaillez avec nous - Wisco\",\"isPartOf\":{\"@id\":\"https:\/\/www.wisco.es\/#website\"},\"datePublished\":\"2016-09-19T10:48:54+00:00\",\"dateModified\":\"2017-08-30T09:06:55+00:00\",\"description\":\"Si vous souhaitez travailler avec nous, envoyez-nous le formulaire suivant, nous vous r\u00e9pondrons d\u00e8s que possible.\",\"breadcrumb\":{\"@id\":\"https:\/\/www.wisco.es\/fr\/lusine\/a-propos-de-nous\/travaillez-avec-nous\/#breadcrumb\"},\"inLanguage\":\"fr-FR\",\"potentialAction\":[{\"@type\":\"ReadAction\",\"target\":[\"https:\/\/www.wisco.es\/fr\/lusine\/a-propos-de-nous\/travaillez-avec-nous\/\"]}]},{\"@type\":\"BreadcrumbList\",\"@id\":\"https:\/\/www.wisco.es\/fr\/lusine\/a-propos-de-nous\/travaillez-avec-nous\/#breadcrumb\",\"itemListElement\":[{\"@type\":\"ListItem\",\"position\":1,\"name\":\"Portada\",\"item\":\"https:\/\/www.wisco.es\/fr\/\"},{\"@type\":\"ListItem\",\"position\":2,\"name\":\"L&#8217;usine\",\"item\":\"https:\/\/www.wisco.es\/la-fabrica\/\"},{\"@type\":\"ListItem\",\"position\":3,\"name\":\"\u00c0 propos de nous\",\"item\":\"https:\/\/www.wisco.es\/la-fabrica\/sobre-nosotros\/\"},{\"@type\":\"ListItem\",\"position\":4,\"name\":\"Travaillez avec nous\"}]},{\"@type\":\"WebSite\",\"@id\":\"https:\/\/www.wisco.es\/#website\",\"url\":\"https:\/\/www.wisco.es\/\",\"name\":\"Wisco\",\"description\":\"\",\"potentialAction\":[{\"@type\":\"SearchAction\",\"target\":{\"@type\":\"EntryPoint\",\"urlTemplate\":\"https:\/\/www.wisco.es\/?s={search_term_string}\"},\"query-input\":{\"@type\":\"PropertyValueSpecification\",\"valueRequired\":true,\"valueName\":\"search_term_string\"}}],\"inLanguage\":\"fr-FR\"}]}<\/script>\n<!-- \/ Yoast SEO plugin. -->","yoast_head_json":{"title":"Travaillez avec nous - Wisco","description":"Si vous souhaitez travailler avec nous, envoyez-nous le formulaire suivant, nous vous r\u00e9pondrons d\u00e8s que possible.","robots":{"index":"index","follow":"follow","max-snippet":"max-snippet:-1","max-image-preview":"max-image-preview:large","max-video-preview":"max-video-preview:-1"},"canonical":"https:\/\/www.wisco.es\/fr\/lusine\/a-propos-de-nous\/travaillez-avec-nous\/","og_locale":"fr_FR","og_type":"article","og_title":"Travaillez avec nous - Wisco","og_description":"Si vous souhaitez travailler avec nous, envoyez-nous le formulaire suivant, nous vous r\u00e9pondrons d\u00e8s que possible.","og_url":"https:\/\/www.wisco.es\/fr\/lusine\/a-propos-de-nous\/travaillez-avec-nous\/","og_site_name":"Wisco","article_modified_time":"2017-08-30T09:06:55+00:00","twitter_card":"summary_large_image","twitter_misc":{"Dur\u00e9e de lecture est.":"1 minute"},"schema":{"@context":"https:\/\/schema.org","@graph":[{"@type":"WebPage","@id":"https:\/\/www.wisco.es\/fr\/lusine\/a-propos-de-nous\/travaillez-avec-nous\/","url":"https:\/\/www.wisco.es\/fr\/lusine\/a-propos-de-nous\/travaillez-avec-nous\/","name":"Travaillez avec nous - Wisco","isPartOf":{"@id":"https:\/\/www.wisco.es\/#website"},"datePublished":"2016-09-19T10:48:54+00:00","dateModified":"2017-08-30T09:06:55+00:00","description":"Si vous souhaitez travailler avec nous, envoyez-nous le formulaire suivant, nous vous r\u00e9pondrons d\u00e8s que possible.","breadcrumb":{"@id":"https:\/\/www.wisco.es\/fr\/lusine\/a-propos-de-nous\/travaillez-avec-nous\/#breadcrumb"},"inLanguage":"fr-FR","potentialAction":[{"@type":"ReadAction","target":["https:\/\/www.wisco.es\/fr\/lusine\/a-propos-de-nous\/travaillez-avec-nous\/"]}]},{"@type":"BreadcrumbList","@id":"https:\/\/www.wisco.es\/fr\/lusine\/a-propos-de-nous\/travaillez-avec-nous\/#breadcrumb","itemListElement":[{"@type":"ListItem","position":1,"name":"Portada","item":"https:\/\/www.wisco.es\/fr\/"},{"@type":"ListItem","position":2,"name":"L&#8217;usine","item":"https:\/\/www.wisco.es\/la-fabrica\/"},{"@type":"ListItem","position":3,"name":"\u00c0 propos de nous","item":"https:\/\/www.wisco.es\/la-fabrica\/sobre-nosotros\/"},{"@type":"ListItem","position":4,"name":"Travaillez avec nous"}]},{"@type":"WebSite","@id":"https:\/\/www.wisco.es\/#website","url":"https:\/\/www.wisco.es\/","name":"Wisco","description":"","potentialAction":[{"@type":"SearchAction","target":{"@type":"EntryPoint","urlTemplate":"https:\/\/www.wisco.es\/?s={search_term_string}"},"query-input":{"@type":"PropertyValueSpecification","valueRequired":true,"valueName":"search_term_string"}}],"inLanguage":"fr-FR"}]}},"_links":{"self":[{"href":"https:\/\/www.wisco.es\/fr\/wp-json\/wp\/v2\/pages\/1466","targetHints":{"allow":["GET"]}}],"collection":[{"href":"https:\/\/www.wisco.es\/fr\/wp-json\/wp\/v2\/pages"}],"about":[{"href":"https:\/\/www.wisco.es\/fr\/wp-json\/wp\/v2\/types\/page"}],"author":[{"embeddable":true,"href":"https:\/\/www.wisco.es\/fr\/wp-json\/wp\/v2\/users\/2"}],"replies":[{"embeddable":true,"href":"https:\/\/www.wisco.es\/fr\/wp-json\/wp\/v2\/comments?post=1466"}],"version-history":[{"count":0,"href":"https:\/\/www.wisco.es\/fr\/wp-json\/wp\/v2\/pages\/1466\/revisions"}],"up":[{"embeddable":true,"href":"https:\/\/www.wisco.es\/fr\/wp-json\/wp\/v2\/pages\/1590"}],"wp:attachment":[{"href":"https:\/\/www.wisco.es\/fr\/wp-json\/wp\/v2\/media?parent=1466"}],"curies":[{"name":"wp","href":"https:\/\/api.w.org\/{rel}","templated":true}]}}