{"id":1589,"date":"2016-09-13T15:32:43","date_gmt":"2016-09-13T13:32:43","guid":{"rendered":"http:\/\/wiscoes.wpengine.com\/politica-de-privacidad\/"},"modified":"2021-07-16T13:56:15","modified_gmt":"2021-07-16T11:56:15","slug":"datenschutzregelung","status":"publish","type":"page","link":"https:\/\/www.wisco.es\/de\/datenschutzregelung\/","title":{"rendered":"Datenschutzregelung"},"content":{"rendered":"<h2><span style=\"text-decoration: underline;\"><strong>Erweiterte Vertraulichkeitserkl\u00e4rung<\/strong><\/span><\/h2>\n<h3>WER IST F\u00dcR DIE VERARBEITUNG IHRER DATEN VERANTWORTLICH?<\/h3>\n<p>Firma: <strong>WISCO ESPA\u00d1OLA SA<\/strong><br \/>\nC.I.F.\/N.I.F.: <strong>A31010788<\/strong><br \/>\nSozialheim: <strong>C\/ Mayor sn, 31890 Betelu (Navarra)<\/strong><br \/>\nIm Handelsregister navarras eingetragen Band 1611 Folio 91, Abschnitt 8\u00aa Blatt NA 4200<br \/>\nTelefon: <strong>+34948513050<\/strong><br \/>\nE-Mail: <strong>personas@grupowisco.com<\/strong><\/p>\n<h3>ZU WELCHEM ZWECK VERARBEITEN WIR IHRE PERSONENBEZOGENEN DATEN?<\/h3>\n<p>Gem\u00e4\u00df der Verordnung EU 679\/2026 und dem Organgesetz 3\/2018 vom 5. Dezember \u00fcber den Schutz personenbezogener Daten und die Gew\u00e4hrleistung der digitalen Rechte teilen wir Ihnen mit, dass die von Ihnen zur Verf\u00fcgung gegebenen personenbezogenen Daten und die bei der Entwicklung Ihrer Beziehungen erzeugten Daten f\u00fcr folgende Zwecke verarbeitet werden:<\/p>\n<ul>\n<li>Antworten auf die von Ihnen an uns<\/li>\n<li>Ihnen Informationen \u00fcber die Produkte der WISCO ESPA\u00d1OLA SA zur Verf\u00fcgung stellen, indem Sie dies mit Demenz einverstanden sind, wenn Sie kommerzielle Mitteilungen per E-Mail oder \u00fcber andere gleichwertige elektronische Kommunikationsmittel (wie SMS) verschicken, die Sie uns zur Verf\u00fcgung gestellt haben.<\/li>\n<li>Wenn Sie uns einen Lebenslauf senden, sollten Sie Ihre Bewerbung in der Durchf\u00fchrung von Personalauswahlverfahren bewertet werden. In diesem Fall m\u00fcssen Sie uns das oder die WISCO-Zentren (s) ESPA\u00d1OLA SA angeben, in denen Sie arbeiten m\u00f6chten.<\/li>\n<li>die \u00dcbermittlung von Mitteilungen mit allen von Ihnen bereitgestellten Mitteln, die mit den von der Organisation durchgef\u00fchrten T\u00e4tigkeiten in Ihrem Interesse verbunden sind.<\/li>\n<li>Die Reaktion auf Konsultationen, Beschwerden und Anregungen sowie die Durchf\u00fchrung aller Arten von Kommunikationsma\u00dfnahmen.<\/li>\n<li>die Rechnungsf\u00fchrung, die Steuerliche und die administrative Verwaltung des Unternehmens.<\/li>\n<\/ul>\n<h3>Wie lange speichern wir Ihre Daten?<\/h3>\n<p>Die bereitgestellten personenbezogenen Daten werden so lange gespeichert, wie die l\u00f6schung von der betroffenen Person beantragt wird oder die rechtm\u00e4\u00dfig als gesetzlicher Vertreter fungiert und dies tut, und solange sie erforderlich sind &#8211; einschlie\u00dflich der Notwendigkeit, sie w\u00e4hrend der geltenden Verj\u00e4hrungsfristen aufzubewahren &#8211; oder f\u00fcr die Zwecke, f\u00fcr die sie erhoben oder gespeichert wurden, relevant sind.<\/p>\n<p>Die Aufbewahrung der Daten ist an die rechtliche Verpflichtung der WISCO ESPA\u00d1OLA SA zur Aufbewahrung gebunden. Danach werden die Daten vernichtet oder gel\u00f6scht, wobei die L\u00f6schung, Beseitigung oder Zerst\u00f6rung so erfolgt, dass die in den Medien enthaltenen Informationen nicht wiederherstellbar sind.<\/p>\n<h3>Legitimit\u00e4t<\/h3>\n<p>Die Rechtsgrundlage f\u00fcr die Verarbeitung Ihrer Daten ist die Einwilligung der betroffenen Person. Dies wird ausdr\u00fccklich und eindeutig durch das Ausf\u00fcllen und gegebenenfalls durch das Versenden der Papier- oder elektronischen Unterlagen und Formulare, in denen Ihre Daten erhoben werden, erhoben. In allen Dokumenten der Einrichtung, die zur Erhebung von Daten f\u00fcr die verschiedenen Verwendungen verwendet werden, gibt es Informationsklauseln gem\u00e4\u00df den Datenschutzbestimmungen und die Zustimmung wird ausdr\u00fccklich durch die Unterschrift der betroffenen Person oder die Zusendung der bestehenden Formulare auf der Website ausgedr\u00fcckt.<\/p>\n<p>Die Verarbeitung ist auch eine legitime Ursache f\u00fcr die Erf\u00fcllung eines Vertrags oder die Erbringung einer Dienstleistung, die sie f\u00fcr interessierte Personen erbringen, an deren Vertragsparteien sie beteiligt sind, oder f\u00fcr deren Anwendung auf Antrag vorvertraglicher Ma\u00dfnahmen (Art. 6 Abs. 1a und (b DSGVO) erforderlich.<\/p>\n<p>Die WISCO ESPA\u00d1OLA SA hat auch das Recht, ihre Daten zu verarbeiten, um die rechtlichen Verpflichtungen zu erf\u00fcllen, denen sie unterliegt, und zur Befriedigung von berechtigten Interessen, sofern die Interessen oder Die Grundrechte der betroffenen Personen nicht \u00fcber deren Interessen herrschen.<\/p>\n<p>Unabh\u00e4ngig davon, was die Ursache der Legitimit\u00e4t ist, kann die Zustimmung jederzeit widerrufen werden.<\/p>\n<h3>An welche Empf\u00e4nger werden Ihre Daten weitergegeben?<\/h3>\n<p>Ihre Daten werden ohne Ihre Zustimmung an keine Stelle \u00fcbertragen, au\u00dfer die gesetzlich vorgesehenen Abtretungen, zu diesem Zweck wird Ihre ausdr\u00fcckliche Zustimmung zur \u00dcbermittlung Ihrer Daten an andere Unternehmen verlangt.<\/p>\n<p>Aufgrund der Zweckverwaltung k\u00f6nnen Ihre Daten an Einrichtungen oder Personen weitergegeben werden, die direkt mit der WISCO ESPA\u00d1OLA SA und den von dieser erbrachten Dienstleistungen verbunden sind. Ebenso werden Ihre pers\u00f6nlichen Daten den \u00f6ffentlichen Verwaltungen, Richtern und Gerichten zur Verf\u00fcgung stehen, um etwaigen Verantwortlichkeiten, die sich aus der Verarbeitung ergeben, und soweit diese \u00dcbertragungen gesetzlich geregelt sind, zu schenken.<br \/>\nIhre Daten k\u00f6nnen auch an Unternehmen weitergegeben werden, die uns irgendeine Form von Beratung, IT-Wartung, Marketing, Schulung oder Audit anbieten. Diese Einrichtungen haben nur Zugang zu den f\u00fcr die Erbringung dieser Dienste erforderlichen personenbezogenen Daten, was in einem Vertrag \u00fcber die &#8222;Datenverarbeitung&#8220; verlangt wird, der die Vertraulichkeit gew\u00e4hrleistet, dass sie die Informationen nicht f\u00fcr andere Zwecke verwenden d\u00fcrfen und dass sie Die erforderlichen Ma\u00dfnahmen treffen, um ihre Integrit\u00e4t und Verf\u00fcgbarkeit zu gew\u00e4hrleisten.<\/p>\n<p>Es ist keine internationale Daten\u00fcbertragung au\u00dferhalb des EU-Raums oder an Einrichtungen vorgesehen, die die Datenschutzstandards der EU-679\/2016 nicht erf\u00fcllen.<\/p>\n<h3>Woher kommen Ihre Daten?<\/h3>\n<p>Die von WISCO ESPA\u00d1OLA SA verarbeiteten personenbezogenen Daten werden von der betroffenen Person bereitgestellt oder aus \u00f6ffentlich zug\u00e4nglichen Quellen bezogen<\/p>\n<h3>Welche Datenkategorien werden von WISCO ESPA\u00d1OLA SA verarbeitet?<\/h3>\n<p>WISCO ESPA\u00d1OLA SA verarbeitet die von Ihnen zur Verf\u00fcgung gegebenen Daten, die folgende Kategorien sein k\u00f6nnen:<\/p>\n<ul>\n<li>Daten mit Kennung und Kontaktcharakter;<\/li>\n<li>Akademische und berufliche Daten<\/li>\n<li>Detaillierte Angaben zur Besch\u00e4ftigung<\/li>\n<li>Wirtschaftliche, finanzielle und Versicherungsdaten<\/li>\n<li>Gesch\u00e4ftsinformationen<\/li>\n<\/ul>\n<h3>Was sind Ihre Rechte?<\/h3>\n<p>Jede Person hat das Recht, sich zu best\u00e4tigen, ob WISCO ESPA\u00d1OLA SA personenbezogene Daten verarbeitet oder nicht.<\/p>\n<p>Die betroffenen Personen haben das Recht auf Zugang zu ihren personenbezogenen Daten und auf eine Kopie der verarbeiteten personenbezogenen Daten, auf deren Aktualisierung sie zu aktualisieren sind, die Berichtigung unrichtiger Daten zu verlangen oder gegebenenfalls deren L\u00f6schung zu verlangen, wenn die Daten unter anderem nicht mehr f\u00fcr die Zwecke der Erhebung ben\u00f6tigt werden.<\/p>\n<p>Unter bestimmten Umst\u00e4nden und aus Gr\u00fcnden, die mit ihrer besonderen Situation zusammenh\u00e4ngen, k\u00f6nnen die Betroffenen einspruch gegen die Verarbeitung ihrer Daten erheben. WISCO ESPA\u00d1OLA SA wird die Verarbeitung der Daten einstellen, au\u00dfer aus zwingenden legitimen Gr\u00fcnden, oder die Aus\u00fcbung oder Verteidigung von anspr\u00fcchen.<\/p>\n<p>Unter umst\u00e4nden, die auch in Artikel 18 DSGVO vorgesehen ist, k\u00f6nnen die Betroffenen die Einschr\u00e4nkung der Verarbeitung ihrer Daten beantragen, wobei dieSA, mit Ausnahme ihrer Aufbewahrung, mit Zustimmung der betroffenen Person oder zur Formulierung, Aus\u00fcbung oder Verteidigung von Beschwerden oder zum Schutz der Rechte einer anderen nat\u00fcrlichen oder juristischen Person oder aus Gr\u00fcnden des wichtigen \u00f6ffentlichen Interesses der Union behandelt wird. oder eines bestimmten Mitgliedstaats.<\/p>\n<p>Wenn sie anwendbar ist, haben die Betroffenen aufgrund der Anwendung des Rechts auf L\u00f6schung oder Einspruch gegen die Verarbeitung personenbezogener Daten im Online-Umfeld das Recht auf Vergessenheit nach der Rechtsprechung des Gerichtshofs der Europ\u00e4ischen Union.<\/p>\n<p>Nach dem Recht auf Portabilit\u00e4t haben die Betroffenen das Recht, die ihnen zustehenden personenbezogenen Daten in einem strukturierten Format des gemeinsamen Gebrauchs und des mechanischen Lesens zu erhalten und an einen anderen Verantwortlichen weiterzuleiten.<\/p>\n<p>Jeder Betroffene hat das Recht, nicht nur auf der automatisierten Verarbeitung, einschlie\u00dflich der Profilierung, zu entscheiden, die rechtswirksam auf sie wirkt oder sie in gleicher Weise erheblich beeintr\u00e4chtigt, au\u00dfer in den in Artikel 22.1 DSGVO vorgesehenen Ausnahmen.<\/p>\n<p>Die betroffene Person hat das Recht auf L\u00f6schung ihrer Daten, da der Gegenstand, der die Verarbeitung oder Erhebung veranlasst hat, verschwunden ist, wenn die Einwilligung durch die Einwilligung oder andere in Artikel 17RGVO enthaltene Gr\u00fcnde legitimiert ist. Die L\u00f6schung erfolgt durch l\u00f6schung von daten auf hoher Ebene in automatisierten Datentr\u00e4gern und die physische Zerst\u00f6rung nicht automatisierter Datentr\u00e4ger.<\/p>\n<h3>Wie kann ich die Rechte aus\u00fcben?<\/h3>\n<p>Durch einen Brief, der stets mit einer Kopie des Personalausweises oder einem anderen Dokument versehen ist, das die Identit\u00e4t des Betroffenen unter den in der \u00dcberschrift angegebenen Adressen best\u00e4tigt.<\/p>\n<h3>Welche Rechtsmittel gibt es?<\/h3>\n<p>Wenn Sie der Meinung sind, dass Ihre Rechte nicht ordnungsgem\u00e4\u00df \u00fcbernommen wurden, haben Sie das Recht, eine Beschwerde bei der spanischen Datenschutzbeh\u00f6rde einzureichen, deren Kontaktdaten: Telefone: 901 099 91.266.35.17 Postanschrift: C\/ Jorge Juan,6 Madrid.<\/p>\n","protected":false},"excerpt":{"rendered":"<p>Erweiterte Vertraulichkeitserkl\u00e4rung WER IST F\u00dcR DIE VERARBEITUNG IHRER DATEN VERANTWORTLICH? Firma: WISCO ESPA\u00d1OLA SA C.I.F.\/N.I.F.: A31010788 Sozialheim: C\/ Mayor sn, 31890 Betelu (Navarra) Im Handelsregister navarras eingetragen Band 1611 Folio 91, Abschnitt 8\u00aa Blatt NA 4200 Telefon: +34948513050 E-Mail: personas@grupowisco.com ZU WELCHEM ZWECK VERARBEITEN WIR IHRE PERSONENBEZOGENEN DATEN? Gem\u00e4\u00df der Verordnung EU 679\/2026 und dem [&hellip;]<\/p>\n","protected":false},"author":2,"featured_media":0,"parent":0,"menu_order":0,"comment_status":"closed","ping_status":"closed","template":"","meta":{"footnotes":""},"class_list":["post-1589","page","type-page","status-publish","hentry"],"yoast_head":"<!-- This site is optimized with the Yoast SEO plugin v23.7 - https:\/\/yoast.com\/wordpress\/plugins\/seo\/ -->\n<title>Datenschutzregelung - Wisco<\/title>\n<meta name=\"robots\" content=\"index, follow, max-snippet:-1, max-image-preview:large, max-video-preview:-1\" \/>\n<link rel=\"canonical\" href=\"https:\/\/www.wisco.es\/politica-de-privacidad\/\" \/>\n<meta property=\"og:locale\" content=\"de_DE\" \/>\n<meta property=\"og:type\" content=\"article\" \/>\n<meta property=\"og:title\" content=\"Datenschutzregelung - Wisco\" \/>\n<meta property=\"og:description\" content=\"Erweiterte Vertraulichkeitserkl\u00e4rung WER IST F\u00dcR DIE VERARBEITUNG IHRER DATEN VERANTWORTLICH? Firma: WISCO ESPA\u00d1OLA SA C.I.F.\/N.I.F.: A31010788 Sozialheim: C\/ Mayor sn, 31890 Betelu (Navarra) Im Handelsregister navarras eingetragen Band 1611 Folio 91, Abschnitt 8\u00aa Blatt NA 4200 Telefon: +34948513050 E-Mail: personas@grupowisco.com ZU WELCHEM ZWECK VERARBEITEN WIR IHRE PERSONENBEZOGENEN DATEN? Gem\u00e4\u00df der Verordnung EU 679\/2026 und dem [&hellip;]\" \/>\n<meta property=\"og:url\" content=\"https:\/\/www.wisco.es\/politica-de-privacidad\/\" \/>\n<meta property=\"og:site_name\" content=\"Wisco\" \/>\n<meta property=\"article:modified_time\" content=\"2021-07-16T11:56:15+00:00\" \/>\n<meta name=\"twitter:card\" content=\"summary_large_image\" \/>\n<meta name=\"twitter:label1\" content=\"Gesch\u00e4tzte Lesezeit\" \/>\n\t<meta name=\"twitter:data1\" content=\"6 Minuten\" \/>\n<script type=\"application\/ld+json\" class=\"yoast-schema-graph\">{\"@context\":\"https:\/\/schema.org\",\"@graph\":[{\"@type\":\"WebPage\",\"@id\":\"https:\/\/www.wisco.es\/politica-de-privacidad\/\",\"url\":\"https:\/\/www.wisco.es\/politica-de-privacidad\/\",\"name\":\"Datenschutzregelung - Wisco\",\"isPartOf\":{\"@id\":\"https:\/\/www.wisco.es\/#website\"},\"datePublished\":\"2016-09-13T13:32:43+00:00\",\"dateModified\":\"2021-07-16T11:56:15+00:00\",\"breadcrumb\":{\"@id\":\"https:\/\/www.wisco.es\/politica-de-privacidad\/#breadcrumb\"},\"inLanguage\":\"de-DE\",\"potentialAction\":[{\"@type\":\"ReadAction\",\"target\":[\"https:\/\/www.wisco.es\/politica-de-privacidad\/\"]}]},{\"@type\":\"BreadcrumbList\",\"@id\":\"https:\/\/www.wisco.es\/politica-de-privacidad\/#breadcrumb\",\"itemListElement\":[{\"@type\":\"ListItem\",\"position\":1,\"name\":\"Portada\",\"item\":\"https:\/\/www.wisco.es\/de\/\"},{\"@type\":\"ListItem\",\"position\":2,\"name\":\"Datenschutzregelung\"}]},{\"@type\":\"WebSite\",\"@id\":\"https:\/\/www.wisco.es\/#website\",\"url\":\"https:\/\/www.wisco.es\/\",\"name\":\"Wisco\",\"description\":\"\",\"potentialAction\":[{\"@type\":\"SearchAction\",\"target\":{\"@type\":\"EntryPoint\",\"urlTemplate\":\"https:\/\/www.wisco.es\/?s={search_term_string}\"},\"query-input\":{\"@type\":\"PropertyValueSpecification\",\"valueRequired\":true,\"valueName\":\"search_term_string\"}}],\"inLanguage\":\"de-DE\"}]}<\/script>\n<!-- \/ Yoast SEO plugin. -->","yoast_head_json":{"title":"Datenschutzregelung - Wisco","robots":{"index":"index","follow":"follow","max-snippet":"max-snippet:-1","max-image-preview":"max-image-preview:large","max-video-preview":"max-video-preview:-1"},"canonical":"https:\/\/www.wisco.es\/politica-de-privacidad\/","og_locale":"de_DE","og_type":"article","og_title":"Datenschutzregelung - Wisco","og_description":"Erweiterte Vertraulichkeitserkl\u00e4rung WER IST F\u00dcR DIE VERARBEITUNG IHRER DATEN VERANTWORTLICH? Firma: WISCO ESPA\u00d1OLA SA C.I.F.\/N.I.F.: A31010788 Sozialheim: C\/ Mayor sn, 31890 Betelu (Navarra) Im Handelsregister navarras eingetragen Band 1611 Folio 91, Abschnitt 8\u00aa Blatt NA 4200 Telefon: +34948513050 E-Mail: personas@grupowisco.com ZU WELCHEM ZWECK VERARBEITEN WIR IHRE PERSONENBEZOGENEN DATEN? Gem\u00e4\u00df der Verordnung EU 679\/2026 und dem [&hellip;]","og_url":"https:\/\/www.wisco.es\/politica-de-privacidad\/","og_site_name":"Wisco","article_modified_time":"2021-07-16T11:56:15+00:00","twitter_card":"summary_large_image","twitter_misc":{"Gesch\u00e4tzte Lesezeit":"6 Minuten"},"schema":{"@context":"https:\/\/schema.org","@graph":[{"@type":"WebPage","@id":"https:\/\/www.wisco.es\/politica-de-privacidad\/","url":"https:\/\/www.wisco.es\/politica-de-privacidad\/","name":"Datenschutzregelung - Wisco","isPartOf":{"@id":"https:\/\/www.wisco.es\/#website"},"datePublished":"2016-09-13T13:32:43+00:00","dateModified":"2021-07-16T11:56:15+00:00","breadcrumb":{"@id":"https:\/\/www.wisco.es\/politica-de-privacidad\/#breadcrumb"},"inLanguage":"de-DE","potentialAction":[{"@type":"ReadAction","target":["https:\/\/www.wisco.es\/politica-de-privacidad\/"]}]},{"@type":"BreadcrumbList","@id":"https:\/\/www.wisco.es\/politica-de-privacidad\/#breadcrumb","itemListElement":[{"@type":"ListItem","position":1,"name":"Portada","item":"https:\/\/www.wisco.es\/de\/"},{"@type":"ListItem","position":2,"name":"Datenschutzregelung"}]},{"@type":"WebSite","@id":"https:\/\/www.wisco.es\/#website","url":"https:\/\/www.wisco.es\/","name":"Wisco","description":"","potentialAction":[{"@type":"SearchAction","target":{"@type":"EntryPoint","urlTemplate":"https:\/\/www.wisco.es\/?s={search_term_string}"},"query-input":{"@type":"PropertyValueSpecification","valueRequired":true,"valueName":"search_term_string"}}],"inLanguage":"de-DE"}]}},"_links":{"self":[{"href":"https:\/\/www.wisco.es\/de\/wp-json\/wp\/v2\/pages\/1589","targetHints":{"allow":["GET"]}}],"collection":[{"href":"https:\/\/www.wisco.es\/de\/wp-json\/wp\/v2\/pages"}],"about":[{"href":"https:\/\/www.wisco.es\/de\/wp-json\/wp\/v2\/types\/page"}],"author":[{"embeddable":true,"href":"https:\/\/www.wisco.es\/de\/wp-json\/wp\/v2\/users\/2"}],"replies":[{"embeddable":true,"href":"https:\/\/www.wisco.es\/de\/wp-json\/wp\/v2\/comments?post=1589"}],"version-history":[{"count":0,"href":"https:\/\/www.wisco.es\/de\/wp-json\/wp\/v2\/pages\/1589\/revisions"}],"wp:attachment":[{"href":"https:\/\/www.wisco.es\/de\/wp-json\/wp\/v2\/media?parent=1589"}],"curies":[{"name":"wp","href":"https:\/\/api.w.org\/{rel}","templated":true}]}}