{"id":1584,"date":"2016-09-13T15:35:56","date_gmt":"2016-09-13T13:35:56","guid":{"rendered":"http:\/\/wiscoes.wpengine.com\/normas\/"},"modified":"2018-02-15T15:05:58","modified_gmt":"2018-02-15T14:05:58","slug":"normen","status":"publish","type":"page","link":"https:\/\/www.wisco.es\/de\/normen\/","title":{"rendered":"Normen"},"content":{"rendered":"<p><div class=\"fusion-fullwidth fullwidth-box fusion-builder-row-1 nonhundred-percent-fullwidth non-hundred-percent-height-scrolling\" style=\"--awb-background-position:left top;--awb-border-radius-top-left:0px;--awb-border-radius-top-right:0px;--awb-border-radius-bottom-right:0px;--awb-border-radius-bottom-left:0px;--awb-padding-top:20px;--awb-padding-bottom:20px;--awb-border-sizes-top:0px;--awb-border-sizes-bottom:0px;--awb-flex-wrap:wrap;\" ><div class=\"fusion-builder-row fusion-row\"><div class=\"fusion-layout-column fusion_builder_column fusion-builder-column-0 fusion_builder_column_1_1 1_1 fusion-one-full fusion-column-first fusion-column-last fusion-column-no-min-height\" style=\"--awb-bg-size:cover;--awb-margin-bottom:0px;\"><div class=\"fusion-column-wrapper fusion-flex-column-wrapper-legacy\"><div class=\"fusion-text fusion-text-1\"><p style=\"text-align: center;\">Hier finden Sie einige Beispiele f\u00fcr Bronzen und hochfestes Messing, die von unseren Kunden am h\u00e4ufigsten nachgefragt werden.<\/p>\n<\/div><div class=\"fusion-text fusion-text-2\">\n\n\n<div id=\"wpv-view-layout-152-TCPID1584\" class=\"js-wpv-view-layout js-wpv-layout-responsive js-wpv-view-layout-152-TCPID1584\" data-viewnumber=\"152-TCPID1584\" data-pagination=\"{&quot;id&quot;:152,&quot;query&quot;:&quot;normal&quot;,&quot;type&quot;:&quot;disabled&quot;,&quot;effect&quot;:&quot;fade&quot;,&quot;duration&quot;:500,&quot;speed&quot;:5,&quot;pause_on_hover&quot;:&quot;disabled&quot;,&quot;stop_rollover&quot;:&quot;false&quot;,&quot;cache_pages&quot;:&quot;enabled&quot;,&quot;preload_images&quot;:&quot;enabled&quot;,&quot;preload_pages&quot;:&quot;enabled&quot;,&quot;preload_reach&quot;:1,&quot;spinner&quot;:&quot;builtin&quot;,&quot;spinner_image&quot;:&quot;https:\/\/wiscoes.wpengine.com\/wp-content\/plugins\/wp-views\/res\/img\/ajax-loader.gif&quot;,&quot;callback_next&quot;:&quot;&quot;,&quot;manage_history&quot;:&quot;enabled&quot;,&quot;has_controls_in_form&quot;:&quot;disabled&quot;,&quot;infinite_tolerance&quot;:&quot;0&quot;,&quot;max_pages&quot;:0,&quot;page&quot;:1,&quot;base_permalink&quot;:&quot;\/de\/wp-json\/wp\/v2\/pages\/1584?wpv_view_count=152-TCPID1584&amp;wpv_paged=WPV_PAGE_NUM&quot;,&quot;loop&quot;:{&quot;type&quot;:&quot;&quot;,&quot;name&quot;:&quot;&quot;,&quot;data&quot;:[],&quot;id&quot;:0}}\" data-permalink=\"\/de\/wp-json\/wp\/v2\/pages\/1584?wpv_view_count=152-TCPID1584\">\n\n\t\n<div class=\"fusion-fullwidth grid-paginas-hijas normen\">\n<div class=\"fusion-row \">\n\t\n\t\t\n          <div class=\"col-md-6\">\n            \n            <a href=\"https:\/\/www.wisco.es\/de\/normen\/en-1982\/\"><span class=\"imagen-destacada fusion-imageframe hover-type-zoomin\"><img decoding=\"async\" class=\"attachment-220x220 size-220x220\" src=\"https:\/\/www.wisco.es\/wp-content\/uploads\/2016\/09\/Norma-EN-1982-wpv_220x220_center_center.jpg\" width=\"220\" height=\"220\" alt=\"\" \/>\n            <\/span><\/a>\n            <div class=\"titulo\">\n              <h3><a href=\"https:\/\/www.wisco.es\/de\/normen\/en-1982\/\">Bronze EN 1982<\/a><\/h3><\/div> \n          <p>Bronzelegierungen nach EN 1982<\/p>\n\n            <div class=\"boton-cta\">\n              <a href=\"https:\/\/www.wisco.es\/de\/normen\/en-1982\/\">Mehr erfahren <i class=\"fa fa-angle-right\" aria-hidden=\"true\"><\/i><\/a><\/div>\n          <\/div>\n          \n          <div class=\"col-md-6\">\n            \n            <a href=\"https:\/\/www.wisco.es\/de\/normen\/astm-bronzen\/\"><span class=\"imagen-destacada fusion-imageframe hover-type-zoomin\"><img decoding=\"async\" class=\"attachment-220x220 size-220x220\" src=\"https:\/\/www.wisco.es\/wp-content\/uploads\/2016\/09\/Norma-ASTM-wpv_220x220_center_center.jpg\" width=\"220\" height=\"220\" alt=\"\" \/>\n            <\/span><\/a>\n            <div class=\"titulo\">\n              <h3><a href=\"https:\/\/www.wisco.es\/de\/normen\/astm-bronzen\/\">ASTM<\/a><\/h3><\/div> \n          <p>WISCO verf\u00fcgt \u00fcber erwiesene Erfahrung in der Herstellung von Bronzen und hochfestem Messing gem\u00e4\u00df den Normen ASTM B505, B271 und B22.<\/p>\n\n            <div class=\"boton-cta\">\n              <a href=\"https:\/\/www.wisco.es\/de\/normen\/astm-bronzen\/\">Mehr erfahren <i class=\"fa fa-angle-right\" aria-hidden=\"true\"><\/i><\/a><\/div>\n          <\/div>\n          \n\t\n  <\/div>\n<\/div>\n\t\n\t\n<\/div>\n\n<\/div><div class=\"fusion-clearfix\"><\/div><\/div><\/div><\/div><\/div><div class=\"fusion-fullwidth fullwidth-box fusion-builder-row-2 hundred-percent-fullwidth non-hundred-percent-height-scrolling\" style=\"--awb-border-radius-top-left:0px;--awb-border-radius-top-right:0px;--awb-border-radius-bottom-right:0px;--awb-border-radius-bottom-left:0px;--awb-overflow:visible;--awb-padding-right:16px;--awb-padding-left:16px;--awb-flex-wrap:wrap;\" ><div class=\"fusion-builder-row fusion-row\"><div class=\"fusion-layout-column fusion_builder_column fusion-builder-column-1 fusion_builder_column_1_1 1_1 fusion-one-full fusion-column-first fusion-column-last fusion-column-no-min-height\" style=\"--awb-bg-size:cover;--awb-margin-bottom:0px;\"><div class=\"fusion-column-wrapper fusion-flex-column-wrapper-legacy\"><div class=\"fusion-text fusion-text-3\">\n\n\n<div id=\"wpv-view-layout-190-TCPID1584\" class=\"js-wpv-view-layout js-wpv-layout-responsive js-wpv-view-layout-190-TCPID1584\" data-viewnumber=\"190-TCPID1584\" data-pagination=\"{&quot;id&quot;:190,&quot;query&quot;:&quot;normal&quot;,&quot;type&quot;:&quot;disabled&quot;,&quot;effect&quot;:&quot;fade&quot;,&quot;duration&quot;:500,&quot;speed&quot;:5,&quot;pause_on_hover&quot;:&quot;disabled&quot;,&quot;stop_rollover&quot;:&quot;false&quot;,&quot;cache_pages&quot;:&quot;enabled&quot;,&quot;preload_images&quot;:&quot;enabled&quot;,&quot;preload_pages&quot;:&quot;enabled&quot;,&quot;preload_reach&quot;:1,&quot;spinner&quot;:&quot;builtin&quot;,&quot;spinner_image&quot;:&quot;https:\/\/wiscoes.wpengine.com\/wp-content\/plugins\/wp-views\/res\/img\/ajax-loader.gif&quot;,&quot;callback_next&quot;:&quot;&quot;,&quot;manage_history&quot;:&quot;enabled&quot;,&quot;has_controls_in_form&quot;:&quot;disabled&quot;,&quot;infinite_tolerance&quot;:&quot;0&quot;,&quot;max_pages&quot;:0,&quot;page&quot;:1,&quot;base_permalink&quot;:&quot;\/de\/wp-json\/wp\/v2\/pages\/1584?wpv_view_count=190-TCPID1584&amp;wpv_paged=WPV_PAGE_NUM&quot;,&quot;loop&quot;:{&quot;type&quot;:&quot;&quot;,&quot;name&quot;:&quot;&quot;,&quot;data&quot;:[],&quot;id&quot;:0}}\" data-permalink=\"\/de\/wp-json\/wp\/v2\/pages\/1584?wpv_view_count=190-TCPID1584\">\n\n\t\n<div class=\"fusion-fullwidth fullwidth-box bloque-presupuesto\">\n<div class=\"fusion-row\">\n  <div class=\"col-md-6\">\n  <h3>Sie interessieren sich f\u00fcr dieses Produkt?<\/h3>\n  <p>Fordern Sie einen unverbindlichen und spezifischen Kostenvoranschlag an.<\/p>\n  <\/div>\n  <div class=\"col-md-6\">\n  <a class=\"btn\" href=\"\/de\/kontakt\/kostenvoranschlag-anfordern\/\">Kostenvoranschlag anfordern<\/a>\n  <\/div>\n<\/div>\n<\/div>\n\t\n\t\t\n\t\t\n\t\t\n\t\t\n\t\t\n\t\t\n\t\t\n\t\t\n\t\t\n\t\t\n\t\t\n\t\t\n\t\t\n\t\t\n\t\t\n\t\t\n\t\t\n\t\t\n\t\t\n\t\t\n\t\t\n\t\t\n\t\t\n\t\t\n\t\t\n\t\t\n\t\t\n\t\t\n\t\t\n\t\t\n\t\t\n\t\t\n\t\t\n\t\t\n\t\t\n\t\t\n\t\t\n\t\t\n\t\t\n\t\t\n\t\t\n\t\t\n\t\t\n\t\t\n\t\t\n\t\t\n\t\t\n\t\t\n\t\n\t\n\t\n<\/div>\n\n<\/div><div class=\"fusion-clearfix\"><\/div><\/div><\/div><\/div><\/div><\/p>\n","protected":false},"excerpt":{"rendered":"","protected":false},"author":2,"featured_media":0,"parent":0,"menu_order":0,"comment_status":"closed","ping_status":"closed","template":"100-width.php","meta":{"footnotes":""},"class_list":["post-1584","page","type-page","status-publish","hentry"],"yoast_head":"<!-- This site is optimized with the Yoast SEO plugin v23.7 - https:\/\/yoast.com\/wordpress\/plugins\/seo\/ -->\n<title>Normen Bronzen - Wisco. ASTM B505, EN1982, DIN, BS...<\/title>\n<meta name=\"description\" content=\"Normen Bronzen. Wir fertigen Legierungen auf Kupferbasis nach jeder internationalen Norm. ASTM B505, EN 1982, BS, DIN, Wisco...\" \/>\n<meta name=\"robots\" content=\"index, follow, max-snippet:-1, max-image-preview:large, max-video-preview:-1\" \/>\n<link rel=\"canonical\" href=\"https:\/\/www.wisco.es\/normas\/\" \/>\n<meta property=\"og:locale\" content=\"de_DE\" \/>\n<meta property=\"og:type\" content=\"article\" \/>\n<meta property=\"og:title\" content=\"Normen Bronzen - Wisco. ASTM B505, EN1982, DIN, BS...\" \/>\n<meta property=\"og:description\" content=\"Normen Bronzen. Wir fertigen Legierungen auf Kupferbasis nach jeder internationalen Norm. ASTM B505, EN 1982, BS, DIN, Wisco...\" \/>\n<meta property=\"og:url\" content=\"https:\/\/www.wisco.es\/normas\/\" \/>\n<meta property=\"og:site_name\" content=\"Wisco\" \/>\n<meta property=\"article:modified_time\" content=\"2018-02-15T14:05:58+00:00\" \/>\n<meta name=\"twitter:card\" content=\"summary_large_image\" \/>\n<meta name=\"twitter:label1\" content=\"Gesch\u00e4tzte Lesezeit\" \/>\n\t<meta name=\"twitter:data1\" content=\"1 Minute\" \/>\n<script type=\"application\/ld+json\" class=\"yoast-schema-graph\">{\"@context\":\"https:\/\/schema.org\",\"@graph\":[{\"@type\":\"WebPage\",\"@id\":\"https:\/\/www.wisco.es\/normas\/\",\"url\":\"https:\/\/www.wisco.es\/normas\/\",\"name\":\"Normen Bronzen - Wisco. ASTM B505, EN1982, DIN, BS...\",\"isPartOf\":{\"@id\":\"https:\/\/www.wisco.es\/#website\"},\"datePublished\":\"2016-09-13T13:35:56+00:00\",\"dateModified\":\"2018-02-15T14:05:58+00:00\",\"description\":\"Normen Bronzen. Wir fertigen Legierungen auf Kupferbasis nach jeder internationalen Norm. ASTM B505, EN 1982, BS, DIN, Wisco...\",\"breadcrumb\":{\"@id\":\"https:\/\/www.wisco.es\/normas\/#breadcrumb\"},\"inLanguage\":\"de-DE\",\"potentialAction\":[{\"@type\":\"ReadAction\",\"target\":[\"https:\/\/www.wisco.es\/normas\/\"]}]},{\"@type\":\"BreadcrumbList\",\"@id\":\"https:\/\/www.wisco.es\/normas\/#breadcrumb\",\"itemListElement\":[{\"@type\":\"ListItem\",\"position\":1,\"name\":\"Portada\",\"item\":\"https:\/\/www.wisco.es\/de\/\"},{\"@type\":\"ListItem\",\"position\":2,\"name\":\"Normen\"}]},{\"@type\":\"WebSite\",\"@id\":\"https:\/\/www.wisco.es\/#website\",\"url\":\"https:\/\/www.wisco.es\/\",\"name\":\"Wisco\",\"description\":\"\",\"potentialAction\":[{\"@type\":\"SearchAction\",\"target\":{\"@type\":\"EntryPoint\",\"urlTemplate\":\"https:\/\/www.wisco.es\/?s={search_term_string}\"},\"query-input\":{\"@type\":\"PropertyValueSpecification\",\"valueRequired\":true,\"valueName\":\"search_term_string\"}}],\"inLanguage\":\"de-DE\"}]}<\/script>\n<!-- \/ Yoast SEO plugin. -->","yoast_head_json":{"title":"Normen Bronzen - Wisco. ASTM B505, EN1982, DIN, BS...","description":"Normen Bronzen. Wir fertigen Legierungen auf Kupferbasis nach jeder internationalen Norm. ASTM B505, EN 1982, BS, DIN, Wisco...","robots":{"index":"index","follow":"follow","max-snippet":"max-snippet:-1","max-image-preview":"max-image-preview:large","max-video-preview":"max-video-preview:-1"},"canonical":"https:\/\/www.wisco.es\/normas\/","og_locale":"de_DE","og_type":"article","og_title":"Normen Bronzen - Wisco. ASTM B505, EN1982, DIN, BS...","og_description":"Normen Bronzen. Wir fertigen Legierungen auf Kupferbasis nach jeder internationalen Norm. ASTM B505, EN 1982, BS, DIN, Wisco...","og_url":"https:\/\/www.wisco.es\/normas\/","og_site_name":"Wisco","article_modified_time":"2018-02-15T14:05:58+00:00","twitter_card":"summary_large_image","twitter_misc":{"Gesch\u00e4tzte Lesezeit":"1 Minute"},"schema":{"@context":"https:\/\/schema.org","@graph":[{"@type":"WebPage","@id":"https:\/\/www.wisco.es\/normas\/","url":"https:\/\/www.wisco.es\/normas\/","name":"Normen Bronzen - Wisco. ASTM B505, EN1982, DIN, BS...","isPartOf":{"@id":"https:\/\/www.wisco.es\/#website"},"datePublished":"2016-09-13T13:35:56+00:00","dateModified":"2018-02-15T14:05:58+00:00","description":"Normen Bronzen. Wir fertigen Legierungen auf Kupferbasis nach jeder internationalen Norm. ASTM B505, EN 1982, BS, DIN, Wisco...","breadcrumb":{"@id":"https:\/\/www.wisco.es\/normas\/#breadcrumb"},"inLanguage":"de-DE","potentialAction":[{"@type":"ReadAction","target":["https:\/\/www.wisco.es\/normas\/"]}]},{"@type":"BreadcrumbList","@id":"https:\/\/www.wisco.es\/normas\/#breadcrumb","itemListElement":[{"@type":"ListItem","position":1,"name":"Portada","item":"https:\/\/www.wisco.es\/de\/"},{"@type":"ListItem","position":2,"name":"Normen"}]},{"@type":"WebSite","@id":"https:\/\/www.wisco.es\/#website","url":"https:\/\/www.wisco.es\/","name":"Wisco","description":"","potentialAction":[{"@type":"SearchAction","target":{"@type":"EntryPoint","urlTemplate":"https:\/\/www.wisco.es\/?s={search_term_string}"},"query-input":{"@type":"PropertyValueSpecification","valueRequired":true,"valueName":"search_term_string"}}],"inLanguage":"de-DE"}]}},"_links":{"self":[{"href":"https:\/\/www.wisco.es\/de\/wp-json\/wp\/v2\/pages\/1584","targetHints":{"allow":["GET"]}}],"collection":[{"href":"https:\/\/www.wisco.es\/de\/wp-json\/wp\/v2\/pages"}],"about":[{"href":"https:\/\/www.wisco.es\/de\/wp-json\/wp\/v2\/types\/page"}],"author":[{"embeddable":true,"href":"https:\/\/www.wisco.es\/de\/wp-json\/wp\/v2\/users\/2"}],"replies":[{"embeddable":true,"href":"https:\/\/www.wisco.es\/de\/wp-json\/wp\/v2\/comments?post=1584"}],"version-history":[{"count":0,"href":"https:\/\/www.wisco.es\/de\/wp-json\/wp\/v2\/pages\/1584\/revisions"}],"wp:attachment":[{"href":"https:\/\/www.wisco.es\/de\/wp-json\/wp\/v2\/media?parent=1584"}],"curies":[{"name":"wp","href":"https:\/\/api.w.org\/{rel}","templated":true}]}}