{"id":1450,"date":"2016-09-20T16:23:17","date_gmt":"2016-09-20T14:23:17","guid":{"rendered":"http:\/\/wiscoes.wpengine.com\/barras-macizas\/"},"modified":"2019-10-30T17:29:06","modified_gmt":"2019-10-30T16:29:06","slug":"rundstangen","status":"publish","type":"page","link":"https:\/\/www.wisco.es\/de\/formen\/rundstangen\/","title":{"rendered":"Rundstangen"},"content":{"rendered":"<p><div class=\"fusion-fullwidth fullwidth-box fusion-builder-row-1 nonhundred-percent-fullwidth non-hundred-percent-height-scrolling\" style=\"--awb-background-position:left top;--awb-border-radius-top-left:0px;--awb-border-radius-top-right:0px;--awb-border-radius-bottom-right:0px;--awb-border-radius-bottom-left:0px;--awb-padding-top:20px;--awb-padding-bottom:20px;--awb-border-sizes-top:0px;--awb-border-sizes-bottom:0px;--awb-flex-wrap:wrap;\" ><div class=\"fusion-builder-row fusion-row\"><div class=\"fusion-layout-column fusion_builder_column fusion-builder-column-0 fusion_builder_column_2_3 2_3 fusion-two-third fusion-column-first\" style=\"--awb-bg-size:cover;width:65.3333%; margin-right: 4%;\"><div class=\"fusion-column-wrapper fusion-flex-column-wrapper-legacy\"><div class=\"fusion-text fusion-text-1\"><p>Wir fertigen Rundstangen mit Au\u00dfendurchmessern zwischen 10 mm und 345 mm in allen unseren Legierungen.<\/p>\n<p>Unsere Rundstangen bis 180 mm werden einem Richtprozess unterzogen, der dem Produkt eine Geradheit und Oberfl\u00e4chenqualit\u00e4t verleiht, die selbst den strengsten Anforderungen gen\u00fcgen.<\/p>\n<p>Weitere Eigenschaften finden Sie in den Technischen Datenbl\u00e4ttern mit den Fertigungsma\u00dfen von Bronzestangen und -rohren, die Sie hier downloaden k\u00f6nnen:<\/p>\n<\/div><div class=\"fusion-text fusion-text-2\"><div class='w3eden'>\n    <div class=''>\n\n        \n        <div id=\"content_wpdm_package_1\">\n            <div class='row'><div class='col-lg-12 col-md-6 col-12'><blockquote class=\"well c2a3\">\n    <div class=\"media\">\n        <div class=\"pull-left\" align=\"left\">\n            <img decoding=\"async\" class=\"wpdm_icon\" alt=\"Icon\" src=\"https:\/\/www.wisco.es\/wp-content\/plugins\/download-manager\/assets\/file-type-icons\/pdf.svg\" \/>\n        <\/div>\n        \n\n        <div class=\"media-body\">\n            <h3 class=\"media-heading\" style=\"padding-top: 0px;border:0px;margin: 0 0 5px 0;font-size:12pt;\">Stangen und Rohren. Zinnbronzen. W-12Zn - CC482K <span style=\"margin-left:30px;font-size:8pt;font-weight:300\"><i style=\"margin: 2px 0 0 5px;opacity:0.5\" class=\"fa fa-th-large\"><\/i> 56.43 KB <i style=\"margin: 2px 0 0 5px;opacity:0.5\" class=\"fa fa-download\"><\/i> 110 downloads<\/span><\/h3>\n            <p>Fertigungsma\u00dfen. Zinnbronzen. W-12Zn - CC482K<\/p>\n\n        <\/div>\n<div class=\"pull-right\" align=\"right\">\n           <a class='wpdm-download-link download-on-click btn btn-primary ' rel='nofollow' href='#' data-downloadurl=\"https:\/\/www.wisco.es\/de\/download\/stangen-und-rohren-zinnbronzen-w-12zn-cc482k\/?wpdmdl=3096&refresh=6a06eb0e81a3b1778838286\">Download<\/a>\n        <\/div>\n\n    <\/div>\n\n<\/blockquote>\n<style>.well.c2a3 .btn.wpdm-download-link{ padding: 11px 30px;font-size: 11pt; } .well.c2a3 .media-body{ font-size: 11pt; } .well.c2a3 .wpdm_icon{ height: 42px; width: auto; }<\/style><\/div><div class='col-lg-12 col-md-6 col-12'><blockquote class=\"well c2a3\">\n    <div class=\"media\">\n        <div class=\"pull-left\" align=\"left\">\n            <img decoding=\"async\" class=\"wpdm_icon\" alt=\"Icon\"   src=\"https:\/\/www.wisco.es\/wp-content\/plugins\/download-manager\/assets\/file-type-icons\/pdf.svg\" \/>\n        <\/div>\n        \n\n        <div class=\"media-body\">\n            <h3 class=\"media-heading\" style=\"padding-top: 0px;border:0px;margin: 0 0 5px 0;font-size:12pt;\">Stangen und Rohren. Hochfestes Messing <span style=\"margin-left:30px;font-size:8pt;font-weight:300\"><i style=\"margin: 2px 0 0 5px;opacity:0.5\" class=\"fa fa-th-large\"><\/i> 27.29 KB <i style=\"margin: 2px 0 0 5px;opacity:0.5\" class=\"fa fa-download\"><\/i> 94 downloads<\/span><\/h3>\n            <p>Fertigungsma\u00dfen. Stangen und Rohren W255<\/p>\n\n        <\/div>\n<div class=\"pull-right\" align=\"right\">\n           <a class='wpdm-download-link download-on-click btn btn-primary ' rel='nofollow' href='#' data-downloadurl=\"https:\/\/www.wisco.es\/de\/download\/stangen-und-rohren-hochfestes-messing\/?wpdmdl=2562&refresh=6a06eb0e87a861778838286\">Download<\/a>\n        <\/div>\n\n    <\/div>\n\n<\/blockquote>\n<style>.well.c2a3 .btn.wpdm-download-link{ padding: 11px 30px;font-size: 11pt; } .well.c2a3 .media-body{ font-size: 11pt; } .well.c2a3 .wpdm_icon{ height: 42px; width: auto; }<\/style><\/div><div class='col-lg-12 col-md-6 col-12'><blockquote class=\"well c2a3\">\n    <div class=\"media\">\n        <div class=\"pull-left\" align=\"left\">\n            <img decoding=\"async\" class=\"wpdm_icon\" alt=\"Icon\"   src=\"https:\/\/www.wisco.es\/wp-content\/plugins\/download-manager\/assets\/file-type-icons\/pdf.svg\" \/>\n        <\/div>\n        \n\n        <div class=\"media-body\">\n            <h3 class=\"media-heading\" style=\"padding-top: 0px;border:0px;margin: 0 0 5px 0;font-size:12pt;\">Stangen und Rohren. Zinnbronzen. W7 - CC493K. <span style=\"margin-left:30px;font-size:8pt;font-weight:300\"><i style=\"margin: 2px 0 0 5px;opacity:0.5\" class=\"fa fa-th-large\"><\/i> 87.05 KB <i style=\"margin: 2px 0 0 5px;opacity:0.5\" class=\"fa fa-download\"><\/i> 100 downloads<\/span><\/h3>\n            <p>Fertigungsma\u00dfen. Zinnbronzen. W7 - CC493K.<\/p>\n\n        <\/div>\n<div class=\"pull-right\" align=\"right\">\n           <a class='wpdm-download-link download-on-click btn btn-primary ' rel='nofollow' href='#' data-downloadurl=\"https:\/\/www.wisco.es\/de\/download\/stangen-und-rohren-zinnbronzen\/?wpdmdl=2558&refresh=6a06eb0e8d55f1778838286\">Download<\/a>\n        <\/div>\n\n    <\/div>\n\n<\/blockquote>\n<style>.well.c2a3 .btn.wpdm-download-link{ padding: 11px 30px;font-size: 11pt; } .well.c2a3 .media-body{ font-size: 11pt; } .well.c2a3 .wpdm_icon{ height: 42px; width: auto; }<\/style><\/div><div class='col-lg-12 col-md-6 col-12'><blockquote class=\"well c2a3\">\n    <div class=\"media\">\n        <div class=\"pull-left\" align=\"left\">\n            <img decoding=\"async\" class=\"wpdm_icon\" alt=\"Icon\"   src=\"https:\/\/www.wisco.es\/wp-content\/plugins\/download-manager\/assets\/file-type-icons\/pdf.svg\" \/>\n        <\/div>\n        \n\n        <div class=\"media-body\">\n            <h3 class=\"media-heading\" style=\"padding-top: 0px;border:0px;margin: 0 0 5px 0;font-size:12pt;\">Stangen und Rohren. Aluminiumbronzen <span style=\"margin-left:30px;font-size:8pt;font-weight:300\"><i style=\"margin: 2px 0 0 5px;opacity:0.5\" class=\"fa fa-th-large\"><\/i> 29.92 KB <i style=\"margin: 2px 0 0 5px;opacity:0.5\" class=\"fa fa-download\"><\/i> 95 downloads<\/span><\/h3>\n            <p>Fertigungsma\u00dfen. W-Alni<\/p>\n\n        <\/div>\n<div class=\"pull-right\" align=\"right\">\n           <a class='wpdm-download-link download-on-click btn btn-primary ' rel='nofollow' href='#' data-downloadurl=\"https:\/\/www.wisco.es\/de\/download\/stangen-und-rohren-aluminiumbronzen\/?wpdmdl=2554&refresh=6a06eb0e92e5c1778838286\">Download<\/a>\n        <\/div>\n\n    <\/div>\n\n<\/blockquote>\n<style>.well.c2a3 .btn.wpdm-download-link{ padding: 11px 30px;font-size: 11pt; } .well.c2a3 .media-body{ font-size: 11pt; } .well.c2a3 .wpdm_icon{ height: 42px; width: auto; }<\/style><\/div><div class='col-lg-12 col-md-6 col-12'><blockquote class=\"well c2a3\">\n    <div class=\"media\">\n        <div class=\"pull-left\" align=\"left\">\n            <img decoding=\"async\" class=\"wpdm_icon\" alt=\"Icon\"   src=\"https:\/\/www.wisco.es\/wp-content\/plugins\/download-manager\/assets\/file-type-icons\/pdf.svg\" \/>\n        <\/div>\n        \n\n        <div class=\"media-body\">\n            <h3 class=\"media-heading\" style=\"padding-top: 0px;border:0px;margin: 0 0 5px 0;font-size:12pt;\">Stangen und Rohren. Bleibronzen <span style=\"margin-left:30px;font-size:8pt;font-weight:300\"><i style=\"margin: 2px 0 0 5px;opacity:0.5\" class=\"fa fa-th-large\"><\/i> 57.77 KB <i style=\"margin: 2px 0 0 5px;opacity:0.5\" class=\"fa fa-download\"><\/i> 62 downloads<\/span><\/h3>\n            <p>Fertigungsma\u00dfen. WPb10<\/p>\n\n        <\/div>\n<div class=\"pull-right\" align=\"right\">\n           <a class='wpdm-download-link download-on-click btn btn-primary ' rel='nofollow' href='#' data-downloadurl=\"https:\/\/www.wisco.es\/de\/download\/stangen-und-rohren-bleibronzen\/?wpdmdl=2550&refresh=6a06eb0e97dea1778838286\">Download<\/a>\n        <\/div>\n\n    <\/div>\n\n<\/blockquote>\n<style>.well.c2a3 .btn.wpdm-download-link{ padding: 11px 30px;font-size: 11pt; } .well.c2a3 .media-body{ font-size: 11pt; } .well.c2a3 .wpdm_icon{ height: 42px; width: auto; }<\/style><\/div><\/div>            <div style='clear:both'><\/div><div class='text-center'><ul class='pagination wpdm-pagination pagination-centered text-center'><\/ul><\/div><div style='clear:both'><\/div>        <\/div>\n\n        <div style='clear:both'><\/div>\n    <\/div>\n<\/div>\n\n<\/div><div class=\"fusion-clearfix\"><\/div><\/div><\/div><div class=\"fusion-layout-column fusion_builder_column fusion-builder-column-1 fusion_builder_column_1_3 1_3 fusion-one-third fusion-column-last\" style=\"--awb-bg-size:cover;width:30.6666%;\"><div class=\"fusion-column-wrapper fusion-flex-column-wrapper-legacy\"><div class=\"fusion-image-element in-legacy-container\" style=\"--awb-caption-title-font-family:var(--h2_typography-font-family);--awb-caption-title-font-weight:var(--h2_typography-font-weight);--awb-caption-title-font-style:var(--h2_typography-font-style);--awb-caption-title-size:var(--h2_typography-font-size);--awb-caption-title-transform:var(--h2_typography-text-transform);--awb-caption-title-line-height:var(--h2_typography-line-height);--awb-caption-title-letter-spacing:var(--h2_typography-letter-spacing);\"><span class=\" fusion-imageframe imageframe-none imageframe-1 hover-type-none\"><img decoding=\"async\" src=\"\/wp-content\/uploads\/2016\/09\/Barras-macizas.jpg\" alt class=\"img-responsive\"\/><\/span><\/div><div class=\"fusion-clearfix\"><\/div><\/div><\/div><\/div><\/div><div class=\"fusion-fullwidth fullwidth-box fusion-builder-row-2 hundred-percent-fullwidth non-hundred-percent-height-scrolling\" style=\"--awb-border-radius-top-left:0px;--awb-border-radius-top-right:0px;--awb-border-radius-bottom-right:0px;--awb-border-radius-bottom-left:0px;--awb-overflow:visible;--awb-padding-right:16px;--awb-padding-left:16px;--awb-flex-wrap:wrap;\" ><div class=\"fusion-builder-row fusion-row\"><div class=\"fusion-layout-column fusion_builder_column fusion-builder-column-2 fusion_builder_column_1_1 1_1 fusion-one-full fusion-column-first fusion-column-last fusion-column-no-min-height\" style=\"--awb-bg-size:cover;--awb-margin-bottom:0px;\"><div class=\"fusion-column-wrapper fusion-flex-column-wrapper-legacy\"><div class=\"fusion-text fusion-text-3\"><div class=\"fusion-fullwidth fullwidth-box bloque-presupuesto\">\n<div class=\"fusion-row\">\n  <div class=\"col-md-6\">\n  <h3>Sie interessieren sich f\u00fcr dieses Produkt?<\/h3>\n  <p>Fordern Sie einen unverbindlichen und spezifischen Kostenvoranschlag an.<\/p>\n  <\/div>\n  <div class=\"col-md-6\">\n  <a class=\"btn\" href=\"\/de\/kontakt\/\">Kostenvoranschlag anfordern<\/a>\n  <\/div>\n<\/div>\n<\/div>\n<\/div><div class=\"fusion-clearfix\"><\/div><\/div><\/div><\/div><\/div><\/p>\n","protected":false},"excerpt":{"rendered":"","protected":false},"author":2,"featured_media":1452,"parent":1602,"menu_order":0,"comment_status":"closed","ping_status":"closed","template":"100-width.php","meta":{"footnotes":""},"class_list":["post-1450","page","type-page","status-publish","has-post-thumbnail","hentry"],"yoast_head":"<!-- This site is optimized with the Yoast SEO plugin v23.7 - https:\/\/yoast.com\/wordpress\/plugins\/seo\/ -->\n<title>Rundstangen. Unsere Bronzen und hochfestes Messing in Form von Rundstangen<\/title>\n<meta name=\"description\" content=\"Unsere Bronzen und hochfestes Messing in Form von Rundstangen in unterschiedlichen Abmessungen befriedigen die Erfordernisse jedes Kunden.\" \/>\n<meta name=\"robots\" content=\"index, follow, max-snippet:-1, max-image-preview:large, max-video-preview:-1\" \/>\n<link rel=\"canonical\" href=\"https:\/\/www.wisco.es\/formas\/barras-macizas\/\" \/>\n<meta property=\"og:locale\" content=\"de_DE\" \/>\n<meta property=\"og:type\" content=\"article\" \/>\n<meta property=\"og:title\" content=\"Rundstangen. Unsere Bronzen und hochfestes Messing in Form von Rundstangen\" \/>\n<meta property=\"og:description\" content=\"Unsere Bronzen und hochfestes Messing in Form von Rundstangen in unterschiedlichen Abmessungen befriedigen die Erfordernisse jedes Kunden.\" \/>\n<meta property=\"og:url\" content=\"https:\/\/www.wisco.es\/formas\/barras-macizas\/\" \/>\n<meta property=\"og:site_name\" content=\"Wisco\" \/>\n<meta property=\"article:modified_time\" content=\"2019-10-30T16:29:06+00:00\" \/>\n<meta property=\"og:image\" content=\"https:\/\/www.wisco.es\/wp-content\/uploads\/2016\/09\/Barra-macizas.jpg\" \/>\n\t<meta property=\"og:image:width\" content=\"220\" \/>\n\t<meta property=\"og:image:height\" content=\"220\" \/>\n\t<meta property=\"og:image:type\" content=\"image\/jpeg\" \/>\n<meta name=\"twitter:card\" content=\"summary_large_image\" \/>\n<meta name=\"twitter:label1\" content=\"Gesch\u00e4tzte Lesezeit\" \/>\n\t<meta name=\"twitter:data1\" content=\"2 Minuten\" \/>\n<script type=\"application\/ld+json\" class=\"yoast-schema-graph\">{\"@context\":\"https:\/\/schema.org\",\"@graph\":[{\"@type\":\"WebPage\",\"@id\":\"https:\/\/www.wisco.es\/formas\/barras-macizas\/\",\"url\":\"https:\/\/www.wisco.es\/formas\/barras-macizas\/\",\"name\":\"Rundstangen. Unsere Bronzen und hochfestes Messing in Form von Rundstangen\",\"isPartOf\":{\"@id\":\"https:\/\/www.wisco.es\/#website\"},\"primaryImageOfPage\":{\"@id\":\"https:\/\/www.wisco.es\/formas\/barras-macizas\/#primaryimage\"},\"image\":{\"@id\":\"https:\/\/www.wisco.es\/formas\/barras-macizas\/#primaryimage\"},\"thumbnailUrl\":\"https:\/\/www.wisco.es\/wp-content\/uploads\/2016\/09\/Barra-macizas.jpg\",\"datePublished\":\"2016-09-20T14:23:17+00:00\",\"dateModified\":\"2019-10-30T16:29:06+00:00\",\"description\":\"Unsere Bronzen und hochfestes Messing in Form von Rundstangen in unterschiedlichen Abmessungen befriedigen die Erfordernisse jedes Kunden.\",\"breadcrumb\":{\"@id\":\"https:\/\/www.wisco.es\/formas\/barras-macizas\/#breadcrumb\"},\"inLanguage\":\"de-DE\",\"potentialAction\":[{\"@type\":\"ReadAction\",\"target\":[\"https:\/\/www.wisco.es\/formas\/barras-macizas\/\"]}]},{\"@type\":\"ImageObject\",\"inLanguage\":\"de-DE\",\"@id\":\"https:\/\/www.wisco.es\/formas\/barras-macizas\/#primaryimage\",\"url\":\"https:\/\/www.wisco.es\/wp-content\/uploads\/2016\/09\/Barra-macizas.jpg\",\"contentUrl\":\"https:\/\/www.wisco.es\/wp-content\/uploads\/2016\/09\/Barra-macizas.jpg\",\"width\":220,\"height\":220},{\"@type\":\"BreadcrumbList\",\"@id\":\"https:\/\/www.wisco.es\/formas\/barras-macizas\/#breadcrumb\",\"itemListElement\":[{\"@type\":\"ListItem\",\"position\":1,\"name\":\"Portada\",\"item\":\"https:\/\/www.wisco.es\/de\/\"},{\"@type\":\"ListItem\",\"position\":2,\"name\":\"Formen\",\"item\":\"https:\/\/www.wisco.es\/formas\/\"},{\"@type\":\"ListItem\",\"position\":3,\"name\":\"Rundstangen\"}]},{\"@type\":\"WebSite\",\"@id\":\"https:\/\/www.wisco.es\/#website\",\"url\":\"https:\/\/www.wisco.es\/\",\"name\":\"Wisco\",\"description\":\"\",\"potentialAction\":[{\"@type\":\"SearchAction\",\"target\":{\"@type\":\"EntryPoint\",\"urlTemplate\":\"https:\/\/www.wisco.es\/?s={search_term_string}\"},\"query-input\":{\"@type\":\"PropertyValueSpecification\",\"valueRequired\":true,\"valueName\":\"search_term_string\"}}],\"inLanguage\":\"de-DE\"}]}<\/script>\n<!-- \/ Yoast SEO plugin. -->","yoast_head_json":{"title":"Rundstangen. Unsere Bronzen und hochfestes Messing in Form von Rundstangen","description":"Unsere Bronzen und hochfestes Messing in Form von Rundstangen in unterschiedlichen Abmessungen befriedigen die Erfordernisse jedes Kunden.","robots":{"index":"index","follow":"follow","max-snippet":"max-snippet:-1","max-image-preview":"max-image-preview:large","max-video-preview":"max-video-preview:-1"},"canonical":"https:\/\/www.wisco.es\/formas\/barras-macizas\/","og_locale":"de_DE","og_type":"article","og_title":"Rundstangen. Unsere Bronzen und hochfestes Messing in Form von Rundstangen","og_description":"Unsere Bronzen und hochfestes Messing in Form von Rundstangen in unterschiedlichen Abmessungen befriedigen die Erfordernisse jedes Kunden.","og_url":"https:\/\/www.wisco.es\/formas\/barras-macizas\/","og_site_name":"Wisco","article_modified_time":"2019-10-30T16:29:06+00:00","og_image":[{"width":220,"height":220,"url":"https:\/\/www.wisco.es\/wp-content\/uploads\/2016\/09\/Barra-macizas.jpg","type":"image\/jpeg"}],"twitter_card":"summary_large_image","twitter_misc":{"Gesch\u00e4tzte Lesezeit":"2 Minuten"},"schema":{"@context":"https:\/\/schema.org","@graph":[{"@type":"WebPage","@id":"https:\/\/www.wisco.es\/formas\/barras-macizas\/","url":"https:\/\/www.wisco.es\/formas\/barras-macizas\/","name":"Rundstangen. Unsere Bronzen und hochfestes Messing in Form von Rundstangen","isPartOf":{"@id":"https:\/\/www.wisco.es\/#website"},"primaryImageOfPage":{"@id":"https:\/\/www.wisco.es\/formas\/barras-macizas\/#primaryimage"},"image":{"@id":"https:\/\/www.wisco.es\/formas\/barras-macizas\/#primaryimage"},"thumbnailUrl":"https:\/\/www.wisco.es\/wp-content\/uploads\/2016\/09\/Barra-macizas.jpg","datePublished":"2016-09-20T14:23:17+00:00","dateModified":"2019-10-30T16:29:06+00:00","description":"Unsere Bronzen und hochfestes Messing in Form von Rundstangen in unterschiedlichen Abmessungen befriedigen die Erfordernisse jedes Kunden.","breadcrumb":{"@id":"https:\/\/www.wisco.es\/formas\/barras-macizas\/#breadcrumb"},"inLanguage":"de-DE","potentialAction":[{"@type":"ReadAction","target":["https:\/\/www.wisco.es\/formas\/barras-macizas\/"]}]},{"@type":"ImageObject","inLanguage":"de-DE","@id":"https:\/\/www.wisco.es\/formas\/barras-macizas\/#primaryimage","url":"https:\/\/www.wisco.es\/wp-content\/uploads\/2016\/09\/Barra-macizas.jpg","contentUrl":"https:\/\/www.wisco.es\/wp-content\/uploads\/2016\/09\/Barra-macizas.jpg","width":220,"height":220},{"@type":"BreadcrumbList","@id":"https:\/\/www.wisco.es\/formas\/barras-macizas\/#breadcrumb","itemListElement":[{"@type":"ListItem","position":1,"name":"Portada","item":"https:\/\/www.wisco.es\/de\/"},{"@type":"ListItem","position":2,"name":"Formen","item":"https:\/\/www.wisco.es\/formas\/"},{"@type":"ListItem","position":3,"name":"Rundstangen"}]},{"@type":"WebSite","@id":"https:\/\/www.wisco.es\/#website","url":"https:\/\/www.wisco.es\/","name":"Wisco","description":"","potentialAction":[{"@type":"SearchAction","target":{"@type":"EntryPoint","urlTemplate":"https:\/\/www.wisco.es\/?s={search_term_string}"},"query-input":{"@type":"PropertyValueSpecification","valueRequired":true,"valueName":"search_term_string"}}],"inLanguage":"de-DE"}]}},"_links":{"self":[{"href":"https:\/\/www.wisco.es\/de\/wp-json\/wp\/v2\/pages\/1450","targetHints":{"allow":["GET"]}}],"collection":[{"href":"https:\/\/www.wisco.es\/de\/wp-json\/wp\/v2\/pages"}],"about":[{"href":"https:\/\/www.wisco.es\/de\/wp-json\/wp\/v2\/types\/page"}],"author":[{"embeddable":true,"href":"https:\/\/www.wisco.es\/de\/wp-json\/wp\/v2\/users\/2"}],"replies":[{"embeddable":true,"href":"https:\/\/www.wisco.es\/de\/wp-json\/wp\/v2\/comments?post=1450"}],"version-history":[{"count":0,"href":"https:\/\/www.wisco.es\/de\/wp-json\/wp\/v2\/pages\/1450\/revisions"}],"up":[{"embeddable":true,"href":"https:\/\/www.wisco.es\/de\/wp-json\/wp\/v2\/pages\/1602"}],"wp:featuredmedia":[{"embeddable":true,"href":"https:\/\/www.wisco.es\/de\/wp-json\/wp\/v2\/media\/1452"}],"wp:attachment":[{"href":"https:\/\/www.wisco.es\/de\/wp-json\/wp\/v2\/media?parent=1450"}],"curies":[{"name":"wp","href":"https:\/\/api.w.org\/{rel}","templated":true}]}}